{"id":15684,"date":"2025-02-03T09:12:43","date_gmt":"2025-02-03T09:12:43","guid":{"rendered":"https:\/\/tgfag.de\/?page_id=15684"},"modified":"2025-03-07T16:12:47","modified_gmt":"2025-03-07T16:12:47","slug":"urbanartnight","status":"publish","type":"page","link":"https:\/\/tgfag.de\/en\/urbanartnight\/","title":{"rendered":"Urban Art Night"},"content":{"rendered":"\t\t<div data-elementor-type=\"wp-page\" data-elementor-id=\"15684\" class=\"elementor elementor-15684\" data-elementor-post-type=\"page\">\n\t\t\t\t\t\t<section class=\"elementor-section elementor-top-section elementor-element elementor-element-52b85dee elementor-section-boxed elementor-section-height-default elementor-section-height-default\" data-id=\"52b85dee\" data-element_type=\"section\" data-e-type=\"section\">\n\t\t\t\t\t\t<div class=\"elementor-container elementor-column-gap-default\">\n\t\t\t\t\t<div class=\"elementor-column elementor-col-100 elementor-top-column elementor-element elementor-element-17449bc6\" data-id=\"17449bc6\" data-element_type=\"column\" data-e-type=\"column\">\n\t\t\t<div class=\"elementor-widget-wrap elementor-element-populated\">\n\t\t\t\t\t\t<section class=\"elementor-section elementor-inner-section elementor-element elementor-element-364ee0a elementor-section-boxed elementor-section-height-default elementor-section-height-default\" data-id=\"364ee0a\" data-element_type=\"section\" data-e-type=\"section\">\n\t\t\t\t\t\t<div class=\"elementor-container elementor-column-gap-default\">\n\t\t\t\t\t<div class=\"elementor-column elementor-col-100 elementor-inner-column elementor-element elementor-element-7b9ed275\" data-id=\"7b9ed275\" data-element_type=\"column\" data-e-type=\"column\">\n\t\t\t<div class=\"elementor-widget-wrap elementor-element-populated\">\n\t\t\t\t\t\t<div class=\"elementor-element elementor-element-663d58f elementor-widget elementor-widget-image\" data-id=\"663d58f\" data-element_type=\"widget\" data-e-type=\"widget\" data-widget_type=\"image.default\">\n\t\t\t\t<div class=\"elementor-widget-container\">\n\t\t\t\t\t\t\t\t\t\t\t\t\t\t\t<img fetchpriority=\"high\" decoding=\"async\" width=\"768\" height=\"192\" src=\"https:\/\/tgfag.de\/wp-content\/uploads\/2025\/02\/Black-on-Transparent-rfs-768x192.png\" class=\"attachment-medium_large size-medium_large wp-image-15718\" alt=\"\" srcset=\"https:\/\/tgfag.de\/wp-content\/uploads\/2025\/02\/Black-on-Transparent-rfs-768x192.png 768w, https:\/\/tgfag.de\/wp-content\/uploads\/2025\/02\/Black-on-Transparent-rfs-300x75.png 300w, https:\/\/tgfag.de\/wp-content\/uploads\/2025\/02\/Black-on-Transparent-rfs-18x5.png 18w, https:\/\/tgfag.de\/wp-content\/uploads\/2025\/02\/Black-on-Transparent-rfs.png 1000w\" sizes=\"(max-width: 768px) 100vw, 768px\" \/>\t\t\t\t\t\t\t\t\t\t\t\t\t\t\t<\/div>\n\t\t\t\t<\/div>\n\t\t\t\t<div class=\"elementor-element elementor-element-7d346610 elementor-widget elementor-widget-heading\" data-id=\"7d346610\" data-element_type=\"widget\" data-e-type=\"widget\" data-widget_type=\"heading.default\">\n\t\t\t\t<div class=\"elementor-widget-container\">\n\t\t\t\t\t<h2 class=\"elementor-heading-title elementor-size-default\">Einladung zur <br><br>Urban Art Night <br><br>gemeinsam mit <br>bulthaup desinum &amp; Porsche <br>\n<br>Donnerstag, 13.03.2025 - ab 18:30 Uhr<\/h2>\t\t\t\t<\/div>\n\t\t\t\t<\/div>\n\t\t\t\t<div class=\"elementor-element elementor-element-5da9dd97 elementor-widget elementor-widget-spacer\" data-id=\"5da9dd97\" data-element_type=\"widget\" data-e-type=\"widget\" data-widget_type=\"spacer.default\">\n\t\t\t\t<div class=\"elementor-widget-container\">\n\t\t\t\t\t\t\t<div class=\"elementor-spacer\">\n\t\t\t<div class=\"elementor-spacer-inner\"><\/div>\n\t\t<\/div>\n\t\t\t\t\t\t<\/div>\n\t\t\t\t<\/div>\n\t\t\t\t<div class=\"elementor-element elementor-element-f6babed elementor-widget elementor-widget-image\" data-id=\"f6babed\" data-element_type=\"widget\" data-e-type=\"widget\" data-widget_type=\"image.default\">\n\t\t\t\t<div class=\"elementor-widget-container\">\n\t\t\t\t\t\t\t\t\t\t\t\t\t\t\t<img decoding=\"async\" width=\"800\" height=\"1003\" src=\"https:\/\/tgfag.de\/wp-content\/uploads\/2025\/02\/IMG_4724-817x1024.jpg\" class=\"attachment-large size-large wp-image-15713\" alt=\"\" srcset=\"https:\/\/tgfag.de\/wp-content\/uploads\/2025\/02\/IMG_4724-817x1024.jpg 817w, https:\/\/tgfag.de\/wp-content\/uploads\/2025\/02\/IMG_4724-239x300.jpg 239w, https:\/\/tgfag.de\/wp-content\/uploads\/2025\/02\/IMG_4724-768x962.jpg 768w, https:\/\/tgfag.de\/wp-content\/uploads\/2025\/02\/IMG_4724-1226x1536.jpg 1226w, https:\/\/tgfag.de\/wp-content\/uploads\/2025\/02\/IMG_4724-10x12.jpg 10w, https:\/\/tgfag.de\/wp-content\/uploads\/2025\/02\/IMG_4724.jpg 1284w\" sizes=\"(max-width: 800px) 100vw, 800px\" \/>\t\t\t\t\t\t\t\t\t\t\t\t\t\t\t<\/div>\n\t\t\t\t<\/div>\n\t\t\t\t<div class=\"elementor-element elementor-element-7f982e28 elementor-widget elementor-widget-text-editor\" data-id=\"7f982e28\" data-element_type=\"widget\" data-e-type=\"widget\" data-widget_type=\"text-editor.default\">\n\t\t\t\t<div class=\"elementor-widget-container\">\n\t\t\t\t\t\t\t\t\t<p data-start=\"0\" data-end=\"91\">Wir sind \u00fcberw\u00e4ltigt von der gro\u00dfen Anzahl an Anmeldungen f\u00fcr unsere <strong data-start=\"69\" data-end=\"88\" data-is-only-node=\"\">Urban Art Night<\/strong>!<\/p><p data-start=\"93\" data-end=\"350\" data-is-last-node=\"\" data-is-only-node=\"\">Bitte beachten Sie, dass das Event ausgebucht ist. Sollten Sie dennoch Interesse haben, dabei zu sein, nutzen Sie bitte weiterhin das Anmeldeformular \u2013 wir setzen Sie dann auf die Warteliste. Falls Pl\u00e4tze frei werden, <strong data-start=\"315\" data-end=\"347\">informieren wir Sie umgehend<\/strong>.<\/p><p>Wir zeigen impulsive Arbeiten des italienischen K\u00fcnstlers Francesco NEO kombiniert mit einer Live-Performance, im besten Ambiente der Maximilianstra\u00dfe. \u00a0<\/p><p>Herzlich willkommen am<strong> Donnerstag, 13. M\u00e4rz, ab 18:30 Uhr<\/strong> bei unseren Nachbarn von bulthaup desinum sowie bei uns in der MAX54 Gallery &#8211; Maximilianstra\u00dfe 54, 86150 Augsburg.<\/p><p>Wir freuen und auf Ihren Besuch und auf einen kurzweiligen Abend mit Design, Performance &amp; Art!<\/p>\t\t\t\t\t\t\t\t<\/div>\n\t\t\t\t<\/div>\n\t\t\t\t<div class=\"elementor-element elementor-element-1bd1fc37 elementor-widget elementor-widget-wpforms\" data-id=\"1bd1fc37\" data-element_type=\"widget\" data-e-type=\"widget\" data-widget_type=\"wpforms.default\">\n\t\t\t\t<div class=\"elementor-widget-container\">\n\t\t\t\t\t<div class=\"wpforms-container \" id=\"wpforms-15068\"><form id=\"wpforms-form-15068\" class=\"wpforms-validate wpforms-form wpforms-ajax-form\" data-formid=\"15068\" method=\"post\" enctype=\"multipart\/form-data\" action=\"\/en\/wp-json\/wp\/v2\/pages\/15684\" data-token=\"dfd39e27cac6dbd281560a9888bf8630\" data-token-time=\"1777607495\"><noscript class=\"wpforms-error-noscript\">Please enable JavaScript in your browser to complete this form.<\/noscript><div class=\"wpforms-field-container\"><div id=\"wpforms-15068-field_1-container\" class=\"wpforms-field wpforms-field-name\" data-field-id=\"1\"><label class=\"wpforms-field-label\">Name <span class=\"wpforms-required-label\">*<\/span><\/label><div class=\"wpforms-field-row wpforms-field-medium\"><div class=\"wpforms-field-row-block wpforms-first wpforms-one-half\"><input type=\"text\" id=\"wpforms-15068-field_1\" class=\"wpforms-field-name-first wpforms-field-required\" name=\"wpforms[fields][1][first]\" required><label for=\"wpforms-15068-field_1\" class=\"wpforms-field-sublabel after\">First<\/label><\/div><div class=\"wpforms-field-row-block wpforms-one-half\"><input type=\"text\" id=\"wpforms-15068-field_1-last\" class=\"wpforms-field-name-last wpforms-field-required\" name=\"wpforms[fields][1][last]\" required><label for=\"wpforms-15068-field_1-last\" class=\"wpforms-field-sublabel after\">Last<\/label><\/div><\/div><\/div><div id=\"wpforms-15068-field_8-container\" class=\"wpforms-field wpforms-field-email\" data-field-id=\"8\"><label class=\"wpforms-field-label\" for=\"wpforms-15068-field_8\">Email <span class=\"wpforms-required-label\">*<\/span><\/label><input type=\"email\" id=\"wpforms-15068-field_8\" class=\"wpforms-field-medium wpforms-field-required\" name=\"wpforms[fields][8]\" spellcheck=\"false\" required><\/div><div id=\"wpforms-15068-field_4-container\" class=\"wpforms-field wpforms-field-radio\" data-field-id=\"4\"><label class=\"wpforms-field-label\">Nehmen Sie teil?<\/label><ul id=\"wpforms-15068-field_4\"><li class=\"choice-1 depth-1\"><input type=\"radio\" id=\"wpforms-15068-field_4_1\" name=\"wpforms[fields][4]\" value=\"Ja\"  ><label class=\"wpforms-field-label-inline\" for=\"wpforms-15068-field_4_1\">Ja<\/label><\/li><li class=\"choice-2 depth-1\"><input type=\"radio\" id=\"wpforms-15068-field_4_2\" name=\"wpforms[fields][4]\" value=\"Nein\"  ><label class=\"wpforms-field-label-inline\" for=\"wpforms-15068-field_4_2\">Nein<\/label><\/li><\/ul><\/div><div id=\"wpforms-15068-field_6-container\" class=\"wpforms-field wpforms-field-select wpforms-field-select-style-classic\" data-field-id=\"6\"><label class=\"wpforms-field-label\" for=\"wpforms-15068-field_6\">Bringen Sie weitere G\u00e4ste mit?<\/label><select id=\"wpforms-15068-field_6\" class=\"wpforms-field-medium\" name=\"wpforms[fields][6]\"><option value=\"Nein, ich komme alleine\"  class=\"choice-4 depth-1\"  >Nein, ich komme alleine<\/option><option value=\"+1\"  class=\"choice-1 depth-1\"  >+1<\/option><option value=\"+2\"  class=\"choice-2 depth-1\"  >+2<\/option><option value=\"+3 or more\"  class=\"choice-3 depth-1\"  >+3 or more<\/option><\/select><\/div><div id=\"wpforms-15068-field_7-container\" class=\"wpforms-field wpforms-field-textarea\" data-field-id=\"7\"><label class=\"wpforms-field-label\" for=\"wpforms-15068-field_7\">Haben Sie eine Frage oder m\u00f6chten Sie einen Kommentar hinterlassen?<\/label><textarea id=\"wpforms-15068-field_7\" class=\"wpforms-field-medium\" name=\"wpforms[fields][7]\" ><\/textarea><\/div><\/div><!-- .wpforms-field-container --><div class=\"wpforms-submit-container\" ><input type=\"hidden\" name=\"wpforms[id]\" value=\"15068\"><input type=\"hidden\" name=\"page_title\" value=\"\"><input type=\"hidden\" name=\"page_url\" value=\"https:\/\/tgfag.de\/en\/wp-json\/wp\/v2\/pages\/15684\"><input type=\"hidden\" name=\"url_referer\" value=\"\"><button type=\"submit\" name=\"wpforms[submit]\" id=\"wpforms-submit-15068\" class=\"wpforms-submit\" data-alt-text=\"Sending...\" data-submit-text=\"Submit\" aria-live=\"assertive\" value=\"wpforms-submit\">Submit<\/button><img decoding=\"async\" src=\"https:\/\/tgfag.de\/wp-content\/plugins\/wpforms-lite\/assets\/images\/submit-spin.svg\" class=\"wpforms-submit-spinner\" style=\"display: none;\" width=\"26\" height=\"26\" alt=\"Loading\"><\/div><\/form><\/div>  <!-- .wpforms-container -->\t\t\t\t<\/div>\n\t\t\t\t<\/div>\n\t\t\t\t\t<\/div>\n\t\t<\/div>\n\t\t\t\t\t<\/div>\n\t\t<\/section>\n\t\t\t\t<div class=\"elementor-element elementor-element-4be233be elementor-widget elementor-widget-spacer\" data-id=\"4be233be\" data-element_type=\"widget\" data-e-type=\"widget\" data-widget_type=\"spacer.default\">\n\t\t\t\t<div class=\"elementor-widget-container\">\n\t\t\t\t\t\t\t<div class=\"elementor-spacer\">\n\t\t\t<div class=\"elementor-spacer-inner\"><\/div>\n\t\t<\/div>\n\t\t\t\t\t\t<\/div>\n\t\t\t\t<\/div>\n\t\t\t\t\t<\/div>\n\t\t<\/div>\n\t\t\t\t\t<\/div>\n\t\t<\/section>\n\t\t\t\t<section class=\"elementor-section elementor-top-section elementor-element elementor-element-29536394 elementor-section-boxed elementor-section-height-default elementor-section-height-default\" data-id=\"29536394\" data-element_type=\"section\" data-e-type=\"section\">\n\t\t\t\t\t\t<div class=\"elementor-container elementor-column-gap-default\">\n\t\t\t\t\t<div class=\"elementor-column elementor-col-100 elementor-top-column elementor-element elementor-element-270ce98a\" data-id=\"270ce98a\" data-element_type=\"column\" data-e-type=\"column\">\n\t\t\t<div class=\"elementor-widget-wrap elementor-element-populated\">\n\t\t\t\t\t\t<div class=\"elementor-element elementor-element-3cfc5d1 elementor-widget elementor-widget-heading\" data-id=\"3cfc5d1\" data-element_type=\"widget\" data-e-type=\"widget\" data-widget_type=\"heading.default\">\n\t\t\t\t<div class=\"elementor-widget-container\">\n\t\t\t\t\t<div class=\"elementor-heading-title elementor-size-default\">SIE SIND AN EINEM DER WERKE INTERESSIERT? FORDERN SIE IHREN PERS\u00d6NLICHEN PRINT AN!<\/div>\t\t\t\t<\/div>\n\t\t\t\t<\/div>\n\t\t\t\t<div class=\"elementor-element elementor-element-6894845a elementor-widget elementor-widget-heading\" data-id=\"6894845a\" data-element_type=\"widget\" data-e-type=\"widget\" data-widget_type=\"heading.default\">\n\t\t\t\t<div class=\"elementor-widget-container\">\n\t\t\t\t\t<span class=\"elementor-heading-title elementor-size-default\"><a href=\"mailto:office@tgfag.de\">Request<\/a><\/span>\t\t\t\t<\/div>\n\t\t\t\t<\/div>\n\t\t\t\t\t<\/div>\n\t\t<\/div>\n\t\t\t\t\t<\/div>\n\t\t<\/section>\n\t\t\t\t<section class=\"elementor-section elementor-top-section elementor-element elementor-element-52b88a2 elementor-section-boxed elementor-section-height-default elementor-section-height-default\" data-id=\"52b88a2\" data-element_type=\"section\" data-e-type=\"section\">\n\t\t\t\t\t\t<div class=\"elementor-container elementor-column-gap-default\">\n\t\t\t\t\t<div class=\"elementor-column elementor-col-100 elementor-top-column elementor-element elementor-element-0fa28c1\" data-id=\"0fa28c1\" data-element_type=\"column\" data-e-type=\"column\">\n\t\t\t<div class=\"elementor-widget-wrap\">\n\t\t\t\t\t\t\t<\/div>\n\t\t<\/div>\n\t\t\t\t\t<\/div>\n\t\t<\/section>\n\t\t\t\t<section class=\"elementor-section elementor-top-section elementor-element elementor-element-2cf264e elementor-section-boxed elementor-section-height-default elementor-section-height-default\" data-id=\"2cf264e\" data-element_type=\"section\" data-e-type=\"section\">\n\t\t\t\t\t\t<div class=\"elementor-container elementor-column-gap-default\">\n\t\t\t\t\t<div class=\"elementor-column elementor-col-100 elementor-top-column elementor-element elementor-element-43b6077\" data-id=\"43b6077\" data-element_type=\"column\" data-e-type=\"column\">\n\t\t\t<div class=\"elementor-widget-wrap\">\n\t\t\t\t\t\t\t<\/div>\n\t\t<\/div>\n\t\t\t\t\t<\/div>\n\t\t<\/section>\n\t\t\t\t<\/div>\n\t\t","protected":false},"excerpt":{"rendered":"<p>Einladung zur Urban Art Night gemeinsam mit bulthaup desinum &amp;&hellip;<\/p>\n<p> <a class=\"more-link\" href=\"https:\/\/tgfag.de\/en\/urbanartnight\/\">Read more<\/a><\/p>","protected":false},"author":2,"featured_media":0,"parent":0,"menu_order":0,"comment_status":"closed","ping_status":"closed","template":"elementor_header_footer","meta":{"footnotes":""},"class_list":["post-15684","page","type-page","status-publish"],"yoast_head":"<!-- This site is optimized with the Yoast SEO plugin v27.5 - https:\/\/yoast.com\/product\/yoast-seo-wordpress\/ -->\n<title>Urban Art Night - The Global Fine Art<\/title>\n<meta name=\"robots\" content=\"index, follow, max-snippet:-1, max-image-preview:large, max-video-preview:-1\" \/>\n<link rel=\"canonical\" href=\"https:\/\/tgfag.de\/en\/urbanartnight\/\" \/>\n<meta property=\"og:locale\" content=\"en_GB\" \/>\n<meta property=\"og:type\" content=\"article\" \/>\n<meta property=\"og:title\" content=\"Urban Art Night - The Global Fine Art\" \/>\n<meta property=\"og:description\" content=\"Einladung zur Urban Art Night gemeinsam mit bulthaup desinum &amp;&hellip;  Read more\" \/>\n<meta property=\"og:url\" content=\"https:\/\/tgfag.de\/en\/urbanartnight\/\" \/>\n<meta property=\"og:site_name\" content=\"The Global Fine Art\" \/>\n<meta property=\"article:modified_time\" content=\"2025-03-07T16:12:47+00:00\" \/>\n<meta property=\"og:image\" content=\"https:\/\/tgfag.de\/wp-content\/uploads\/2025\/02\/Black-on-Transparent-rfs.png\" \/>\n\t<meta property=\"og:image:width\" content=\"1000\" \/>\n\t<meta property=\"og:image:height\" content=\"250\" \/>\n\t<meta property=\"og:image:type\" content=\"image\/png\" \/>\n<meta name=\"twitter:card\" content=\"summary_large_image\" \/>\n<meta name=\"twitter:label1\" content=\"Estimated reading time\" \/>\n\t<meta name=\"twitter:data1\" content=\"2 minutes\" \/>\n<script type=\"application\/ld+json\" class=\"yoast-schema-graph\">{\"@context\":\"https:\\\/\\\/schema.org\",\"@graph\":[{\"@type\":\"WebPage\",\"@id\":\"https:\\\/\\\/tgfag.de\\\/urbanartnight\\\/\",\"url\":\"https:\\\/\\\/tgfag.de\\\/urbanartnight\\\/\",\"name\":\"Urban Art Night - The Global Fine Art\",\"isPartOf\":{\"@id\":\"https:\\\/\\\/tgfag.de\\\/#website\"},\"primaryImageOfPage\":{\"@id\":\"https:\\\/\\\/tgfag.de\\\/urbanartnight\\\/#primaryimage\"},\"image\":{\"@id\":\"https:\\\/\\\/tgfag.de\\\/urbanartnight\\\/#primaryimage\"},\"thumbnailUrl\":\"https:\\\/\\\/tgfag.de\\\/wp-content\\\/uploads\\\/2025\\\/02\\\/Black-on-Transparent-rfs-768x192.png\",\"datePublished\":\"2025-02-03T09:12:43+00:00\",\"dateModified\":\"2025-03-07T16:12:47+00:00\",\"breadcrumb\":{\"@id\":\"https:\\\/\\\/tgfag.de\\\/urbanartnight\\\/#breadcrumb\"},\"inLanguage\":\"en-GB\",\"potentialAction\":[{\"@type\":\"ReadAction\",\"target\":[\"https:\\\/\\\/tgfag.de\\\/urbanartnight\\\/\"]}]},{\"@type\":\"ImageObject\",\"inLanguage\":\"en-GB\",\"@id\":\"https:\\\/\\\/tgfag.de\\\/urbanartnight\\\/#primaryimage\",\"url\":\"https:\\\/\\\/tgfag.de\\\/wp-content\\\/uploads\\\/2025\\\/02\\\/Black-on-Transparent-rfs-768x192.png\",\"contentUrl\":\"https:\\\/\\\/tgfag.de\\\/wp-content\\\/uploads\\\/2025\\\/02\\\/Black-on-Transparent-rfs-768x192.png\"},{\"@type\":\"BreadcrumbList\",\"@id\":\"https:\\\/\\\/tgfag.de\\\/urbanartnight\\\/#breadcrumb\",\"itemListElement\":[{\"@type\":\"ListItem\",\"position\":1,\"name\":\"Startseite\",\"item\":\"https:\\\/\\\/tgfag.de\\\/\"},{\"@type\":\"ListItem\",\"position\":2,\"name\":\"Urban Art Night\"}]},{\"@type\":\"WebSite\",\"@id\":\"https:\\\/\\\/tgfag.de\\\/#website\",\"url\":\"https:\\\/\\\/tgfag.de\\\/\",\"name\":\"The Global Fine Art\",\"description\":\"Kunst als Wertspeicher\",\"publisher\":{\"@id\":\"https:\\\/\\\/tgfag.de\\\/#organization\"},\"potentialAction\":[{\"@type\":\"SearchAction\",\"target\":{\"@type\":\"EntryPoint\",\"urlTemplate\":\"https:\\\/\\\/tgfag.de\\\/?s={search_term_string}\"},\"query-input\":{\"@type\":\"PropertyValueSpecification\",\"valueRequired\":true,\"valueName\":\"search_term_string\"}}],\"inLanguage\":\"en-GB\"},{\"@type\":\"Organization\",\"@id\":\"https:\\\/\\\/tgfag.de\\\/#organization\",\"name\":\"The Global Fine Art GmbH\",\"url\":\"https:\\\/\\\/tgfag.de\\\/\",\"logo\":{\"@type\":\"ImageObject\",\"inLanguage\":\"en-GB\",\"@id\":\"https:\\\/\\\/tgfag.de\\\/#\\\/schema\\\/logo\\\/image\\\/\",\"url\":\"https:\\\/\\\/tgfag.de\\\/wp-content\\\/uploads\\\/2022\\\/03\\\/WhatsApp-Image-2022-03-25-at-17.17.21.jpeg\",\"contentUrl\":\"https:\\\/\\\/tgfag.de\\\/wp-content\\\/uploads\\\/2022\\\/03\\\/WhatsApp-Image-2022-03-25-at-17.17.21.jpeg\",\"width\":2016,\"height\":1134,\"caption\":\"The Global Fine Art GmbH\"},\"image\":{\"@id\":\"https:\\\/\\\/tgfag.de\\\/#\\\/schema\\\/logo\\\/image\\\/\"},\"sameAs\":[\"https:\\\/\\\/www.linkedin.com\\\/company\\\/the-global-fine-art-gmbh\\\/\",\"https:\\\/\\\/www.youtube.com\\\/user\\\/TheGlobalFineArtGmbH\"]}]}<\/script>\n<!-- \/ Yoast SEO plugin. -->","yoast_head_json":{"title":"Urban Art Night - The Global Fine Art","robots":{"index":"index","follow":"follow","max-snippet":"max-snippet:-1","max-image-preview":"max-image-preview:large","max-video-preview":"max-video-preview:-1"},"canonical":"https:\/\/tgfag.de\/en\/urbanartnight\/","og_locale":"en_GB","og_type":"article","og_title":"Urban Art Night - The Global Fine Art","og_description":"Einladung zur Urban Art Night gemeinsam mit bulthaup desinum &amp;&hellip;  Read more","og_url":"https:\/\/tgfag.de\/en\/urbanartnight\/","og_site_name":"The Global Fine Art","article_modified_time":"2025-03-07T16:12:47+00:00","og_image":[{"width":1000,"height":250,"url":"https:\/\/tgfag.de\/wp-content\/uploads\/2025\/02\/Black-on-Transparent-rfs.png","type":"image\/png"}],"twitter_card":"summary_large_image","twitter_misc":{"Estimated reading time":"2 minutes"},"schema":{"@context":"https:\/\/schema.org","@graph":[{"@type":"WebPage","@id":"https:\/\/tgfag.de\/urbanartnight\/","url":"https:\/\/tgfag.de\/urbanartnight\/","name":"Urban Art Night - The Global Fine Art","isPartOf":{"@id":"https:\/\/tgfag.de\/#website"},"primaryImageOfPage":{"@id":"https:\/\/tgfag.de\/urbanartnight\/#primaryimage"},"image":{"@id":"https:\/\/tgfag.de\/urbanartnight\/#primaryimage"},"thumbnailUrl":"https:\/\/tgfag.de\/wp-content\/uploads\/2025\/02\/Black-on-Transparent-rfs-768x192.png","datePublished":"2025-02-03T09:12:43+00:00","dateModified":"2025-03-07T16:12:47+00:00","breadcrumb":{"@id":"https:\/\/tgfag.de\/urbanartnight\/#breadcrumb"},"inLanguage":"en-GB","potentialAction":[{"@type":"ReadAction","target":["https:\/\/tgfag.de\/urbanartnight\/"]}]},{"@type":"ImageObject","inLanguage":"en-GB","@id":"https:\/\/tgfag.de\/urbanartnight\/#primaryimage","url":"https:\/\/tgfag.de\/wp-content\/uploads\/2025\/02\/Black-on-Transparent-rfs-768x192.png","contentUrl":"https:\/\/tgfag.de\/wp-content\/uploads\/2025\/02\/Black-on-Transparent-rfs-768x192.png"},{"@type":"BreadcrumbList","@id":"https:\/\/tgfag.de\/urbanartnight\/#breadcrumb","itemListElement":[{"@type":"ListItem","position":1,"name":"Startseite","item":"https:\/\/tgfag.de\/"},{"@type":"ListItem","position":2,"name":"Urban Art Night"}]},{"@type":"WebSite","@id":"https:\/\/tgfag.de\/#website","url":"https:\/\/tgfag.de\/","name":"The Global Fine Art","description":"Kunst als Wertspeicher","publisher":{"@id":"https:\/\/tgfag.de\/#organization"},"potentialAction":[{"@type":"SearchAction","target":{"@type":"EntryPoint","urlTemplate":"https:\/\/tgfag.de\/?s={search_term_string}"},"query-input":{"@type":"PropertyValueSpecification","valueRequired":true,"valueName":"search_term_string"}}],"inLanguage":"en-GB"},{"@type":"Organization","@id":"https:\/\/tgfag.de\/#organization","name":"The Global Fine Art GmbH","url":"https:\/\/tgfag.de\/","logo":{"@type":"ImageObject","inLanguage":"en-GB","@id":"https:\/\/tgfag.de\/#\/schema\/logo\/image\/","url":"https:\/\/tgfag.de\/wp-content\/uploads\/2022\/03\/WhatsApp-Image-2022-03-25-at-17.17.21.jpeg","contentUrl":"https:\/\/tgfag.de\/wp-content\/uploads\/2022\/03\/WhatsApp-Image-2022-03-25-at-17.17.21.jpeg","width":2016,"height":1134,"caption":"The Global Fine Art GmbH"},"image":{"@id":"https:\/\/tgfag.de\/#\/schema\/logo\/image\/"},"sameAs":["https:\/\/www.linkedin.com\/company\/the-global-fine-art-gmbh\/","https:\/\/www.youtube.com\/user\/TheGlobalFineArtGmbH"]}]}},"_links":{"self":[{"href":"https:\/\/tgfag.de\/en\/wp-json\/wp\/v2\/pages\/15684","targetHints":{"allow":["GET"]}}],"collection":[{"href":"https:\/\/tgfag.de\/en\/wp-json\/wp\/v2\/pages"}],"about":[{"href":"https:\/\/tgfag.de\/en\/wp-json\/wp\/v2\/types\/page"}],"author":[{"embeddable":true,"href":"https:\/\/tgfag.de\/en\/wp-json\/wp\/v2\/users\/2"}],"replies":[{"embeddable":true,"href":"https:\/\/tgfag.de\/en\/wp-json\/wp\/v2\/comments?post=15684"}],"version-history":[{"count":46,"href":"https:\/\/tgfag.de\/en\/wp-json\/wp\/v2\/pages\/15684\/revisions"}],"predecessor-version":[{"id":15740,"href":"https:\/\/tgfag.de\/en\/wp-json\/wp\/v2\/pages\/15684\/revisions\/15740"}],"wp:attachment":[{"href":"https:\/\/tgfag.de\/en\/wp-json\/wp\/v2\/media?parent=15684"}],"curies":[{"name":"wp","href":"https:\/\/api.w.org\/{rel}","templated":true}]}}