{"id":15567,"date":"2024-10-02T09:48:02","date_gmt":"2024-10-02T09:48:02","guid":{"rendered":"https:\/\/tgfag.de\/?page_id=15567"},"modified":"2024-10-20T19:04:18","modified_gmt":"2024-10-20T19:04:18","slug":"itamaryehiel","status":"publish","type":"page","link":"https:\/\/tgfag.de\/en\/itamaryehiel\/","title":{"rendered":"Itamar Yehiel"},"content":{"rendered":"\t\t<div data-elementor-type=\"wp-page\" data-elementor-id=\"15567\" class=\"elementor elementor-15567\" data-elementor-post-type=\"page\">\n\t\t\t\t\t\t<section class=\"elementor-section elementor-top-section elementor-element elementor-element-52b85dee elementor-section-boxed elementor-section-height-default elementor-section-height-default\" data-id=\"52b85dee\" data-element_type=\"section\" data-e-type=\"section\">\n\t\t\t\t\t\t<div class=\"elementor-container elementor-column-gap-default\">\n\t\t\t\t\t<div class=\"elementor-column elementor-col-100 elementor-top-column elementor-element elementor-element-17449bc6\" data-id=\"17449bc6\" data-element_type=\"column\" data-e-type=\"column\">\n\t\t\t<div class=\"elementor-widget-wrap elementor-element-populated\">\n\t\t\t\t\t\t<section class=\"elementor-section elementor-inner-section elementor-element elementor-element-364ee0a elementor-section-boxed elementor-section-height-default elementor-section-height-default\" data-id=\"364ee0a\" data-element_type=\"section\" data-e-type=\"section\">\n\t\t\t\t\t\t<div class=\"elementor-container elementor-column-gap-default\">\n\t\t\t\t\t<div class=\"elementor-column elementor-col-100 elementor-inner-column elementor-element elementor-element-7b9ed275\" data-id=\"7b9ed275\" data-element_type=\"column\" data-e-type=\"column\">\n\t\t\t<div class=\"elementor-widget-wrap elementor-element-populated\">\n\t\t\t\t\t\t<div class=\"elementor-element elementor-element-7d346610 elementor-widget elementor-widget-heading\" data-id=\"7d346610\" data-element_type=\"widget\" data-e-type=\"widget\" data-widget_type=\"heading.default\">\n\t\t\t\t<div class=\"elementor-widget-container\">\n\t\t\t\t\t<h2 class=\"elementor-heading-title elementor-size-default\">Einladung zu unserer <br>Ausstellungser\u00f6ffnung<span data-elementor-setting-key=\"title\" data-pen-placeholder=\"Eingabe hier...\"> <br><\/span><span data-elementor-setting-key=\"title\" data-pen-placeholder=\"Eingabe hier...\">mit Itamar Yehiel <\/span><br><br>Art &amp; Networking   <br>Do, 24.10.2024 - ab 18:00 Uhr<\/h2>\t\t\t\t<\/div>\n\t\t\t\t<\/div>\n\t\t\t\t<div class=\"elementor-element elementor-element-5da9dd97 elementor-widget elementor-widget-spacer\" data-id=\"5da9dd97\" data-element_type=\"widget\" data-e-type=\"widget\" data-widget_type=\"spacer.default\">\n\t\t\t\t<div class=\"elementor-widget-container\">\n\t\t\t\t\t\t\t<div class=\"elementor-spacer\">\n\t\t\t<div class=\"elementor-spacer-inner\"><\/div>\n\t\t<\/div>\n\t\t\t\t\t\t<\/div>\n\t\t\t\t<\/div>\n\t\t\t\t<div class=\"elementor-element elementor-element-7f982e28 elementor-widget elementor-widget-text-editor\" data-id=\"7f982e28\" data-element_type=\"widget\" data-e-type=\"widget\" data-widget_type=\"text-editor.default\">\n\t\t\t\t<div class=\"elementor-widget-container\">\n\t\t\t\t\t\t\t\t\t<p>Wir laden Sie herzlich ein, Teil eines besonderen Events zu werden: die MAX54 Gallery zeigt die wunderbar filigranen Kunstwerke des israelischen K\u00fcnstlers Itamar Yehiel, der ein uraltes Handwerk, das seit jeher Geschichten erz\u00e4hlt, in unsere Zeit \u00fcbersetzt. Auf seinen jahrelangen Reisen \u00fcber den Globus mit seiner Lebenspartnerin Shir hat der K\u00fcnstler lokale Traditionen und Handwerkskunst erlernt und diese mit innovativen Ideen kombiniert. Seine dreidimensionalen Stickereien zeigen Realit\u00e4t und Illusion, Nat\u00fcrlichkeit und K\u00fcnstlichkeit, Verg\u00e4nglichkeit und Ewigkeit. Inspiriert von der Vielfalt der Natur nutzt Itamar Farben, Formen und Texturen und seine Liebe zum Detail, um neue, tiefgr\u00fcndige Geschichten zu erz\u00e4hlen \u2013 pers\u00f6nlich und global, kulturell und emotional. Seine Arbeiten sind auf Messen in Hamburg, Frankfurt, M\u00fcnchen oder K\u00f6ln der Hingucker. Die Nachfrage nach seinen Werken f\u00fchrt zu stetig steigenden Preisen und zu einer wachsenden Bandbreite seiner Arbeiten. Sein Schaffen ist eine Erfolgsgeschichte.<\/p>\n<p>Wir freuen uns sehr, Itamar und Shir in Augsburg begr\u00fc\u00dfen zu k\u00f6nnen. Als MAX54 Gallery sind wir anders. Die Freude an k\u00fcnstlerischen Arbeiten soll im Fokus stehen, nicht der intellektuelle Diskurs \u2013 denn Kunst ist f\u00fcr alle da. Sie bringt Freude, setzt Anker, transportiert Emotion! Sie kann Statussymbol sein, Wertspeicher oder darf einfach nur erfreuen, zum Schmunzeln anregen und Menschen begeistern! In diesem Sinne freuen wir uns auf Ihren Besuch bei uns in der Maximilianstra\u00dfe 54.<\/p>\t\t\t\t\t\t\t\t<\/div>\n\t\t\t\t<\/div>\n\t\t\t\t<div class=\"elementor-element elementor-element-1bd1fc37 elementor-widget elementor-widget-wpforms\" data-id=\"1bd1fc37\" data-element_type=\"widget\" data-e-type=\"widget\" data-widget_type=\"wpforms.default\">\n\t\t\t\t<div class=\"elementor-widget-container\">\n\t\t\t\t\t<div class=\"wpforms-container \" id=\"wpforms-15068\"><form id=\"wpforms-form-15068\" class=\"wpforms-validate wpforms-form wpforms-ajax-form\" data-formid=\"15068\" method=\"post\" enctype=\"multipart\/form-data\" action=\"\/en\/wp-json\/wp\/v2\/pages\/15567\" data-token=\"74cf67742dbcd4c000d34df8f15e5aac\" data-token-time=\"1777804090\"><noscript class=\"wpforms-error-noscript\">Please enable JavaScript in your browser to complete this form.<\/noscript><div class=\"wpforms-field-container\"><div id=\"wpforms-15068-field_1-container\" class=\"wpforms-field wpforms-field-name\" data-field-id=\"1\"><label class=\"wpforms-field-label\">Name <span class=\"wpforms-required-label\">*<\/span><\/label><div class=\"wpforms-field-row wpforms-field-medium\"><div class=\"wpforms-field-row-block wpforms-first wpforms-one-half\"><input type=\"text\" id=\"wpforms-15068-field_1\" class=\"wpforms-field-name-first wpforms-field-required\" name=\"wpforms[fields][1][first]\" required><label for=\"wpforms-15068-field_1\" class=\"wpforms-field-sublabel after\">First<\/label><\/div><div class=\"wpforms-field-row-block wpforms-one-half\"><input type=\"text\" id=\"wpforms-15068-field_1-last\" class=\"wpforms-field-name-last wpforms-field-required\" name=\"wpforms[fields][1][last]\" required><label for=\"wpforms-15068-field_1-last\" class=\"wpforms-field-sublabel after\">Last<\/label><\/div><\/div><\/div><div id=\"wpforms-15068-field_8-container\" class=\"wpforms-field wpforms-field-email\" data-field-id=\"8\"><label class=\"wpforms-field-label\" for=\"wpforms-15068-field_8\">Email <span class=\"wpforms-required-label\">*<\/span><\/label><input type=\"email\" id=\"wpforms-15068-field_8\" class=\"wpforms-field-medium wpforms-field-required\" name=\"wpforms[fields][8]\" spellcheck=\"false\" required><\/div><div id=\"wpforms-15068-field_4-container\" class=\"wpforms-field wpforms-field-radio\" data-field-id=\"4\"><label class=\"wpforms-field-label\">Nehmen Sie teil?<\/label><ul id=\"wpforms-15068-field_4\"><li class=\"choice-1 depth-1\"><input type=\"radio\" id=\"wpforms-15068-field_4_1\" name=\"wpforms[fields][4]\" value=\"Ja\"  ><label class=\"wpforms-field-label-inline\" for=\"wpforms-15068-field_4_1\">Ja<\/label><\/li><li class=\"choice-2 depth-1\"><input type=\"radio\" id=\"wpforms-15068-field_4_2\" name=\"wpforms[fields][4]\" value=\"Nein\"  ><label class=\"wpforms-field-label-inline\" for=\"wpforms-15068-field_4_2\">Nein<\/label><\/li><\/ul><\/div><div id=\"wpforms-15068-field_6-container\" class=\"wpforms-field wpforms-field-select wpforms-field-select-style-classic\" data-field-id=\"6\"><label class=\"wpforms-field-label\" for=\"wpforms-15068-field_6\">Bringen Sie weitere G\u00e4ste mit?<\/label><select id=\"wpforms-15068-field_6\" class=\"wpforms-field-medium\" name=\"wpforms[fields][6]\"><option value=\"Nein, ich komme alleine\"  class=\"choice-4 depth-1\"  >Nein, ich komme alleine<\/option><option value=\"+1\"  class=\"choice-1 depth-1\"  >+1<\/option><option value=\"+2\"  class=\"choice-2 depth-1\"  >+2<\/option><option value=\"+3 or more\"  class=\"choice-3 depth-1\"  >+3 or more<\/option><\/select><\/div><div id=\"wpforms-15068-field_7-container\" class=\"wpforms-field wpforms-field-textarea\" data-field-id=\"7\"><label class=\"wpforms-field-label\" for=\"wpforms-15068-field_7\">Haben Sie eine Frage oder m\u00f6chten Sie einen Kommentar hinterlassen?<\/label><textarea id=\"wpforms-15068-field_7\" class=\"wpforms-field-medium\" name=\"wpforms[fields][7]\" ><\/textarea><\/div><\/div><!-- .wpforms-field-container --><div class=\"wpforms-submit-container\" ><input type=\"hidden\" name=\"wpforms[id]\" value=\"15068\"><input type=\"hidden\" name=\"page_title\" value=\"\"><input type=\"hidden\" name=\"page_url\" value=\"https:\/\/tgfag.de\/en\/wp-json\/wp\/v2\/pages\/15567\"><input type=\"hidden\" name=\"url_referer\" value=\"\"><button type=\"submit\" name=\"wpforms[submit]\" id=\"wpforms-submit-15068\" class=\"wpforms-submit\" data-alt-text=\"Sending...\" data-submit-text=\"Submit\" aria-live=\"assertive\" value=\"wpforms-submit\">Submit<\/button><img decoding=\"async\" src=\"https:\/\/tgfag.de\/wp-content\/plugins\/wpforms-lite\/assets\/images\/submit-spin.svg\" class=\"wpforms-submit-spinner\" style=\"display: none;\" width=\"26\" height=\"26\" alt=\"Loading\"><\/div><\/form><\/div>  <!-- .wpforms-container -->\t\t\t\t<\/div>\n\t\t\t\t<\/div>\n\t\t\t\t\t<\/div>\n\t\t<\/div>\n\t\t\t\t\t<\/div>\n\t\t<\/section>\n\t\t\t\t<div class=\"elementor-element elementor-element-4be233be elementor-widget elementor-widget-spacer\" data-id=\"4be233be\" data-element_type=\"widget\" data-e-type=\"widget\" data-widget_type=\"spacer.default\">\n\t\t\t\t<div class=\"elementor-widget-container\">\n\t\t\t\t\t\t\t<div class=\"elementor-spacer\">\n\t\t\t<div class=\"elementor-spacer-inner\"><\/div>\n\t\t<\/div>\n\t\t\t\t\t\t<\/div>\n\t\t\t\t<\/div>\n\t\t\t\t\t<\/div>\n\t\t<\/div>\n\t\t\t\t\t<\/div>\n\t\t<\/section>\n\t\t\t\t<section class=\"elementor-section elementor-top-section elementor-element elementor-element-29536394 elementor-section-boxed elementor-section-height-default elementor-section-height-default\" data-id=\"29536394\" data-element_type=\"section\" data-e-type=\"section\">\n\t\t\t\t\t\t<div class=\"elementor-container elementor-column-gap-default\">\n\t\t\t\t\t<div class=\"elementor-column elementor-col-100 elementor-top-column elementor-element elementor-element-270ce98a\" data-id=\"270ce98a\" data-element_type=\"column\" data-e-type=\"column\">\n\t\t\t<div class=\"elementor-widget-wrap elementor-element-populated\">\n\t\t\t\t\t\t<div class=\"elementor-element elementor-element-3cfc5d1 elementor-widget elementor-widget-heading\" data-id=\"3cfc5d1\" data-element_type=\"widget\" data-e-type=\"widget\" data-widget_type=\"heading.default\">\n\t\t\t\t<div class=\"elementor-widget-container\">\n\t\t\t\t\t<div class=\"elementor-heading-title elementor-size-default\">SIE SIND AN EINEM DER WERKE INTERESSIERT? FORDERN SIE IHREN PERS\u00d6NLICHEN PRINT AN!<\/div>\t\t\t\t<\/div>\n\t\t\t\t<\/div>\n\t\t\t\t<div class=\"elementor-element elementor-element-6894845a elementor-widget elementor-widget-heading\" data-id=\"6894845a\" data-element_type=\"widget\" data-e-type=\"widget\" data-widget_type=\"heading.default\">\n\t\t\t\t<div class=\"elementor-widget-container\">\n\t\t\t\t\t<span class=\"elementor-heading-title elementor-size-default\"><a href=\"mailto:office@tgfag.de\">Request<\/a><\/span>\t\t\t\t<\/div>\n\t\t\t\t<\/div>\n\t\t\t\t\t<\/div>\n\t\t<\/div>\n\t\t\t\t\t<\/div>\n\t\t<\/section>\n\t\t\t\t<\/div>\n\t\t","protected":false},"excerpt":{"rendered":"<p>Einladung zu unserer Ausstellungser\u00f6ffnung mit Itamar Yehiel Art &amp; Networking&hellip;<\/p>\n<p> <a class=\"more-link\" href=\"https:\/\/tgfag.de\/en\/itamaryehiel\/\">Read more<\/a><\/p>","protected":false},"author":2,"featured_media":0,"parent":0,"menu_order":0,"comment_status":"closed","ping_status":"closed","template":"elementor_header_footer","meta":{"footnotes":""},"class_list":["post-15567","page","type-page","status-publish"],"yoast_head":"<!-- This site is optimized with the Yoast SEO plugin v27.5 - https:\/\/yoast.com\/product\/yoast-seo-wordpress\/ -->\n<title>Itamar Yehiel - The Global Fine Art<\/title>\n<meta name=\"robots\" content=\"index, follow, max-snippet:-1, max-image-preview:large, max-video-preview:-1\" \/>\n<link rel=\"canonical\" href=\"https:\/\/tgfag.de\/en\/itamaryehiel\/\" \/>\n<meta property=\"og:locale\" content=\"en_GB\" \/>\n<meta property=\"og:type\" content=\"article\" \/>\n<meta property=\"og:title\" content=\"Itamar Yehiel - The Global Fine Art\" \/>\n<meta property=\"og:description\" content=\"Einladung zu unserer Ausstellungser\u00f6ffnung mit Itamar Yehiel Art &amp; Networking&hellip;  Read more\" \/>\n<meta property=\"og:url\" content=\"https:\/\/tgfag.de\/en\/itamaryehiel\/\" \/>\n<meta property=\"og:site_name\" content=\"The Global Fine Art\" \/>\n<meta property=\"article:modified_time\" content=\"2024-10-20T19:04:18+00:00\" \/>\n<meta property=\"og:image\" content=\"https:\/\/tgfag.de\/wp-content\/plugins\/wpforms-lite\/assets\/images\/submit-spin.svg\" \/>\n<meta name=\"twitter:card\" content=\"summary_large_image\" \/>\n<meta name=\"twitter:label1\" content=\"Estimated reading time\" \/>\n\t<meta name=\"twitter:data1\" content=\"2 minutes\" \/>\n<script type=\"application\/ld+json\" class=\"yoast-schema-graph\">{\"@context\":\"https:\\\/\\\/schema.org\",\"@graph\":[{\"@type\":\"WebPage\",\"@id\":\"https:\\\/\\\/tgfag.de\\\/itamaryehiel\\\/\",\"url\":\"https:\\\/\\\/tgfag.de\\\/itamaryehiel\\\/\",\"name\":\"Itamar Yehiel - The Global Fine Art\",\"isPartOf\":{\"@id\":\"https:\\\/\\\/tgfag.de\\\/#website\"},\"primaryImageOfPage\":{\"@id\":\"https:\\\/\\\/tgfag.de\\\/itamaryehiel\\\/#primaryimage\"},\"image\":{\"@id\":\"https:\\\/\\\/tgfag.de\\\/itamaryehiel\\\/#primaryimage\"},\"thumbnailUrl\":\"https:\\\/\\\/tgfag.de\\\/wp-content\\\/plugins\\\/wpforms-lite\\\/assets\\\/images\\\/submit-spin.svg\",\"datePublished\":\"2024-10-02T09:48:02+00:00\",\"dateModified\":\"2024-10-20T19:04:18+00:00\",\"breadcrumb\":{\"@id\":\"https:\\\/\\\/tgfag.de\\\/itamaryehiel\\\/#breadcrumb\"},\"inLanguage\":\"en-GB\",\"potentialAction\":[{\"@type\":\"ReadAction\",\"target\":[\"https:\\\/\\\/tgfag.de\\\/itamaryehiel\\\/\"]}]},{\"@type\":\"ImageObject\",\"inLanguage\":\"en-GB\",\"@id\":\"https:\\\/\\\/tgfag.de\\\/itamaryehiel\\\/#primaryimage\",\"url\":\"https:\\\/\\\/tgfag.de\\\/wp-content\\\/plugins\\\/wpforms-lite\\\/assets\\\/images\\\/submit-spin.svg\",\"contentUrl\":\"https:\\\/\\\/tgfag.de\\\/wp-content\\\/plugins\\\/wpforms-lite\\\/assets\\\/images\\\/submit-spin.svg\"},{\"@type\":\"BreadcrumbList\",\"@id\":\"https:\\\/\\\/tgfag.de\\\/itamaryehiel\\\/#breadcrumb\",\"itemListElement\":[{\"@type\":\"ListItem\",\"position\":1,\"name\":\"Startseite\",\"item\":\"https:\\\/\\\/tgfag.de\\\/\"},{\"@type\":\"ListItem\",\"position\":2,\"name\":\"Itamar Yehiel\"}]},{\"@type\":\"WebSite\",\"@id\":\"https:\\\/\\\/tgfag.de\\\/#website\",\"url\":\"https:\\\/\\\/tgfag.de\\\/\",\"name\":\"The Global Fine Art\",\"description\":\"Kunst als Wertspeicher\",\"publisher\":{\"@id\":\"https:\\\/\\\/tgfag.de\\\/#organization\"},\"potentialAction\":[{\"@type\":\"SearchAction\",\"target\":{\"@type\":\"EntryPoint\",\"urlTemplate\":\"https:\\\/\\\/tgfag.de\\\/?s={search_term_string}\"},\"query-input\":{\"@type\":\"PropertyValueSpecification\",\"valueRequired\":true,\"valueName\":\"search_term_string\"}}],\"inLanguage\":\"en-GB\"},{\"@type\":\"Organization\",\"@id\":\"https:\\\/\\\/tgfag.de\\\/#organization\",\"name\":\"The Global Fine Art GmbH\",\"url\":\"https:\\\/\\\/tgfag.de\\\/\",\"logo\":{\"@type\":\"ImageObject\",\"inLanguage\":\"en-GB\",\"@id\":\"https:\\\/\\\/tgfag.de\\\/#\\\/schema\\\/logo\\\/image\\\/\",\"url\":\"https:\\\/\\\/tgfag.de\\\/wp-content\\\/uploads\\\/2022\\\/03\\\/WhatsApp-Image-2022-03-25-at-17.17.21.jpeg\",\"contentUrl\":\"https:\\\/\\\/tgfag.de\\\/wp-content\\\/uploads\\\/2022\\\/03\\\/WhatsApp-Image-2022-03-25-at-17.17.21.jpeg\",\"width\":2016,\"height\":1134,\"caption\":\"The Global Fine Art GmbH\"},\"image\":{\"@id\":\"https:\\\/\\\/tgfag.de\\\/#\\\/schema\\\/logo\\\/image\\\/\"},\"sameAs\":[\"https:\\\/\\\/www.linkedin.com\\\/company\\\/the-global-fine-art-gmbh\\\/\",\"https:\\\/\\\/www.youtube.com\\\/user\\\/TheGlobalFineArtGmbH\"]}]}<\/script>\n<!-- \/ Yoast SEO plugin. -->","yoast_head_json":{"title":"Itamar Yehiel - The Global Fine Art","robots":{"index":"index","follow":"follow","max-snippet":"max-snippet:-1","max-image-preview":"max-image-preview:large","max-video-preview":"max-video-preview:-1"},"canonical":"https:\/\/tgfag.de\/en\/itamaryehiel\/","og_locale":"en_GB","og_type":"article","og_title":"Itamar Yehiel - The Global Fine Art","og_description":"Einladung zu unserer Ausstellungser\u00f6ffnung mit Itamar Yehiel Art &amp; Networking&hellip;  Read more","og_url":"https:\/\/tgfag.de\/en\/itamaryehiel\/","og_site_name":"The Global Fine Art","article_modified_time":"2024-10-20T19:04:18+00:00","og_image":[{"url":"https:\/\/tgfag.de\/wp-content\/plugins\/wpforms-lite\/assets\/images\/submit-spin.svg","type":"","width":"","height":""}],"twitter_card":"summary_large_image","twitter_misc":{"Estimated reading time":"2 minutes"},"schema":{"@context":"https:\/\/schema.org","@graph":[{"@type":"WebPage","@id":"https:\/\/tgfag.de\/itamaryehiel\/","url":"https:\/\/tgfag.de\/itamaryehiel\/","name":"Itamar Yehiel - The Global Fine Art","isPartOf":{"@id":"https:\/\/tgfag.de\/#website"},"primaryImageOfPage":{"@id":"https:\/\/tgfag.de\/itamaryehiel\/#primaryimage"},"image":{"@id":"https:\/\/tgfag.de\/itamaryehiel\/#primaryimage"},"thumbnailUrl":"https:\/\/tgfag.de\/wp-content\/plugins\/wpforms-lite\/assets\/images\/submit-spin.svg","datePublished":"2024-10-02T09:48:02+00:00","dateModified":"2024-10-20T19:04:18+00:00","breadcrumb":{"@id":"https:\/\/tgfag.de\/itamaryehiel\/#breadcrumb"},"inLanguage":"en-GB","potentialAction":[{"@type":"ReadAction","target":["https:\/\/tgfag.de\/itamaryehiel\/"]}]},{"@type":"ImageObject","inLanguage":"en-GB","@id":"https:\/\/tgfag.de\/itamaryehiel\/#primaryimage","url":"https:\/\/tgfag.de\/wp-content\/plugins\/wpforms-lite\/assets\/images\/submit-spin.svg","contentUrl":"https:\/\/tgfag.de\/wp-content\/plugins\/wpforms-lite\/assets\/images\/submit-spin.svg"},{"@type":"BreadcrumbList","@id":"https:\/\/tgfag.de\/itamaryehiel\/#breadcrumb","itemListElement":[{"@type":"ListItem","position":1,"name":"Startseite","item":"https:\/\/tgfag.de\/"},{"@type":"ListItem","position":2,"name":"Itamar Yehiel"}]},{"@type":"WebSite","@id":"https:\/\/tgfag.de\/#website","url":"https:\/\/tgfag.de\/","name":"The Global Fine Art","description":"Kunst als Wertspeicher","publisher":{"@id":"https:\/\/tgfag.de\/#organization"},"potentialAction":[{"@type":"SearchAction","target":{"@type":"EntryPoint","urlTemplate":"https:\/\/tgfag.de\/?s={search_term_string}"},"query-input":{"@type":"PropertyValueSpecification","valueRequired":true,"valueName":"search_term_string"}}],"inLanguage":"en-GB"},{"@type":"Organization","@id":"https:\/\/tgfag.de\/#organization","name":"The Global Fine Art GmbH","url":"https:\/\/tgfag.de\/","logo":{"@type":"ImageObject","inLanguage":"en-GB","@id":"https:\/\/tgfag.de\/#\/schema\/logo\/image\/","url":"https:\/\/tgfag.de\/wp-content\/uploads\/2022\/03\/WhatsApp-Image-2022-03-25-at-17.17.21.jpeg","contentUrl":"https:\/\/tgfag.de\/wp-content\/uploads\/2022\/03\/WhatsApp-Image-2022-03-25-at-17.17.21.jpeg","width":2016,"height":1134,"caption":"The Global Fine Art GmbH"},"image":{"@id":"https:\/\/tgfag.de\/#\/schema\/logo\/image\/"},"sameAs":["https:\/\/www.linkedin.com\/company\/the-global-fine-art-gmbh\/","https:\/\/www.youtube.com\/user\/TheGlobalFineArtGmbH"]}]}},"_links":{"self":[{"href":"https:\/\/tgfag.de\/en\/wp-json\/wp\/v2\/pages\/15567","targetHints":{"allow":["GET"]}}],"collection":[{"href":"https:\/\/tgfag.de\/en\/wp-json\/wp\/v2\/pages"}],"about":[{"href":"https:\/\/tgfag.de\/en\/wp-json\/wp\/v2\/types\/page"}],"author":[{"embeddable":true,"href":"https:\/\/tgfag.de\/en\/wp-json\/wp\/v2\/users\/2"}],"replies":[{"embeddable":true,"href":"https:\/\/tgfag.de\/en\/wp-json\/wp\/v2\/comments?post=15567"}],"version-history":[{"count":10,"href":"https:\/\/tgfag.de\/en\/wp-json\/wp\/v2\/pages\/15567\/revisions"}],"predecessor-version":[{"id":15600,"href":"https:\/\/tgfag.de\/en\/wp-json\/wp\/v2\/pages\/15567\/revisions\/15600"}],"wp:attachment":[{"href":"https:\/\/tgfag.de\/en\/wp-json\/wp\/v2\/media?parent=15567"}],"curies":[{"name":"wp","href":"https:\/\/api.w.org\/{rel}","templated":true}]}}