{"id":15365,"date":"2024-02-16T11:52:45","date_gmt":"2024-02-16T11:52:45","guid":{"rendered":"https:\/\/tgfag.de\/?page_id=15365"},"modified":"2026-03-15T21:20:17","modified_gmt":"2026-03-15T21:20:17","slug":"presse","status":"publish","type":"page","link":"https:\/\/tgfag.de\/en\/presse\/","title":{"rendered":"Press"},"content":{"rendered":"<div data-elementor-type=\"wp-page\" data-elementor-id=\"15365\" class=\"elementor elementor-15365\" data-elementor-post-type=\"page\">\n\t\t\t\t\t\t<section class=\"elementor-section elementor-top-section elementor-element elementor-element-5d078df elementor-section-height-min-height elementor-section-boxed elementor-section-height-default elementor-section-items-middle\" data-id=\"5d078df\" data-element_type=\"section\" data-e-type=\"section\" data-settings=\"{&quot;background_background&quot;:&quot;classic&quot;}\">\n\t\t\t\t\t\t\t<div class=\"elementor-background-overlay\"><\/div>\n\t\t\t\t\t\t\t<div class=\"elementor-container elementor-column-gap-default\">\n\t\t\t\t\t<div class=\"elementor-column elementor-col-100 elementor-top-column elementor-element elementor-element-0f9efa3\" data-id=\"0f9efa3\" data-element_type=\"column\" data-e-type=\"column\">\n\t\t\t<div class=\"elementor-widget-wrap elementor-element-populated\">\n\t\t\t\t\t\t<div class=\"elementor-element elementor-element-6d52fe7 elementor-widget elementor-widget-heading\" data-id=\"6d52fe7\" data-element_type=\"widget\" data-e-type=\"widget\" data-widget_type=\"heading.default\">\n\t\t\t\t<div class=\"elementor-widget-container\">\n\t\t\t\t\t<h2 class=\"elementor-heading-title elementor-size-default\">WIR IN PRINT- UND ONLINEMEDIEN<\/h2>\t\t\t\t<\/div>\n\t\t\t\t<\/div>\n\t\t\t\t<div class=\"elementor-element elementor-element-62faa40 elementor-widget elementor-widget-heading\" data-id=\"62faa40\" data-element_type=\"widget\" data-e-type=\"widget\" data-widget_type=\"heading.default\">\n\t\t\t\t<div class=\"elementor-widget-container\">\n\t\t\t\t\t<h2 class=\"elementor-heading-title elementor-size-default\">PRESSE<\/h2>\t\t\t\t<\/div>\n\t\t\t\t<\/div>\n\t\t\t\t\t<\/div>\n\t\t<\/div>\n\t\t\t\t\t<\/div>\n\t\t<\/section>\n\t\t\t\t<section class=\"elementor-section elementor-top-section elementor-element elementor-element-44073f92 elementor-section-boxed elementor-section-height-default elementor-section-height-default\" data-id=\"44073f92\" data-element_type=\"section\" data-e-type=\"section\">\n\t\t\t\t\t\t<div class=\"elementor-container elementor-column-gap-default\">\n\t\t\t\t\t<div class=\"elementor-column elementor-col-100 elementor-top-column elementor-element elementor-element-4d37492d\" data-id=\"4d37492d\" data-element_type=\"column\" data-e-type=\"column\">\n\t\t\t<div class=\"elementor-widget-wrap elementor-element-populated\">\n\t\t\t\t\t\t<section class=\"elementor-section elementor-inner-section elementor-element elementor-element-12181a99 elementor-section-boxed elementor-section-height-default elementor-section-height-default\" data-id=\"12181a99\" data-element_type=\"section\" data-e-type=\"section\">\n\t\t\t\t\t\t<div class=\"elementor-container elementor-column-gap-default\">\n\t\t\t\t\t<div class=\"elementor-column elementor-col-100 elementor-inner-column elementor-element elementor-element-59879387\" data-id=\"59879387\" data-element_type=\"column\" data-e-type=\"column\">\n\t\t\t<div class=\"elementor-widget-wrap elementor-element-populated\">\n\t\t\t\t\t\t<div class=\"elementor-element elementor-element-693ef8b9 elementor-widget elementor-widget-heading\" data-id=\"693ef8b9\" data-element_type=\"widget\" data-e-type=\"widget\" data-widget_type=\"heading.default\">\n\t\t\t\t<div class=\"elementor-widget-container\">\n\t\t\t\t\t<h2 class=\"elementor-heading-title elementor-size-default\">The Global Fine Art in der Presse: <br>Machen Sie sich ein Bild von uns.<\/h2>\t\t\t\t<\/div>\n\t\t\t\t<\/div>\n\t\t\t\t<div class=\"elementor-element elementor-element-1a664856 elementor-widget elementor-widget-spacer\" data-id=\"1a664856\" data-element_type=\"widget\" data-e-type=\"widget\" data-widget_type=\"spacer.default\">\n\t\t\t\t<div class=\"elementor-widget-container\">\n\t\t\t\t\t\t\t<div class=\"elementor-spacer\">\n\t\t\t<div class=\"elementor-spacer-inner\"><\/div>\n\t\t<\/div>\n\t\t\t\t\t\t<\/div>\n\t\t\t\t<\/div>\n\t\t\t\t<div class=\"elementor-element elementor-element-bb26130 elementor-widget elementor-widget-text-editor\" data-id=\"bb26130\" data-element_type=\"widget\" data-e-type=\"widget\" data-widget_type=\"text-editor.default\">\n\t\t\t\t<div class=\"elementor-widget-container\">\n\t\t\t\t\t\t\t\t\t<p>Unsere Einsch\u00e4tzungen zum Kunstmarkt werden regelm\u00e4\u00dfig in Medien aufgegriffen. Dar\u00fcber hinaus ver\u00f6ffentlichen wir selbst Beitr\u00e4ge und Fachartikel zu Entwicklungen im internationalen Kunstmarkt sowie zu Fragen rund um Kunst als Sachwert. Nachfolgend finden Sie eine Auswahl von Artikeln, Interviews und Ver\u00f6ffentlichungen. \u00dcber die jeweiligen Links gelangen Sie direkt zu den Beitr\u00e4gen.<\/p>\t\t\t\t\t\t\t\t<\/div>\n\t\t\t\t<\/div>\n\t\t\t\t<div class=\"elementor-element elementor-element-17c60a98 elementor-widget elementor-widget-heading\" data-id=\"17c60a98\" data-element_type=\"widget\" data-e-type=\"widget\" data-widget_type=\"heading.default\">\n\t\t\t\t<div class=\"elementor-widget-container\">\n\t\t\t\t\t<h2 class=\"elementor-heading-title elementor-size-default\">Zeitungsartikel und Interviews<\/h2>\t\t\t\t<\/div>\n\t\t\t\t<\/div>\n\t\t\t\t\t<\/div>\n\t\t<\/div>\n\t\t\t\t\t<\/div>\n\t\t<\/section>\n\t\t\t\t<div class=\"elementor-element elementor-element-189c5d3d elementor-widget elementor-widget-text-editor\" data-id=\"189c5d3d\" data-element_type=\"widget\" data-e-type=\"widget\" data-widget_type=\"text-editor.default\">\n\t\t\t\t<div class=\"elementor-widget-container\">\n\t\t\t\t\t\t\t\t\t<ul><li><a href=\"https:\/\/tgfag.de\/wp-content\/uploads\/2026\/02\/Kunst-fuer-alle-\u2013-marktEINBLICKE-\u2013-Kolumne-November-2025.pdf\">Kunst f\u00fcr alle? \u2013 marktEINBLICKE \u2013 Kolumne November 2025<\/a><\/li><li><a href=\"https:\/\/tgfag.de\/wp-content\/uploads\/2025\/10\/Mal-ein-anderer-Blick.Kunst-als-Heilfaktor_mE_Magazin_2025_03.pdf\">Mal ein anderer Blick. Kunst als Heilfaktor &#8211; marktEINBLICKE &#8211; Kolumne Juli 2025<\/a><\/li><li><a href=\"https:\/\/tgfag.de\/wp-content\/uploads\/2025\/10\/Kunst-wirkt.-Immer._mE_Magazin_2025_02.pdf\">Kunst wirkt. Immer. &#8211; marktEINBLICKE &#8211; Kolumne April 2025<\/a>\u00a0<\/li><li><a href=\"https:\/\/tgfag.de\/wp-content\/uploads\/2026\/02\/Am-Ende-war-alles-Banane-marktEINBLICKE-Kolumne-Januar-2025.pdf\">Am Ende war alles Banane &#8211; marktEINBLICKE &#8211; Kolumne Januar 2025<\/a><\/li><li><a href=\"https:\/\/tgfag.de\/wp-content\/uploads\/2024\/12\/Kunst-im-Unternehmen_mE_Magazin_2024_04_ES.pdf\">Kunst &#8211; die vergebene Chance &#8211; marktEINBLICKE &#8211; Kolumne November 2024<\/a><\/li><li><a href=\"https:\/\/tgfag.de\/en\/wealthpilot\/\">Die goldene Generation des Fotojournalismus &#8211; marktEINBLICKE &#8211; Kolumne Juli 2024<\/a><\/li><li><a href=\"https:\/\/tgfag.de\/wp-content\/uploads\/2024\/12\/Kunst-und-Krypto-mE_Magazin_2024_02.pdf\">Kunst &amp; Krypto &#8211; marktEINBLICKE &#8211; Kolumne April 2024<\/a><\/li><li><a href=\"https:\/\/tgfag.de\/wp-content\/uploads\/2024\/12\/Ein-Blick-auf-das-Kunstjahr-2023-mE_Magazin_2024_01_ES.pdf\">Ein Blick auf das Kunstjahr 2023 &#8211; marktEINBLICKE &#8211; Kolumne Januar 2024<\/a><\/li><li><a href=\"https:\/\/tgfag.de\/wp-content\/uploads\/2024\/02\/mE_Magazin_2023_04_Kunst_Neubeck_ES.pdf\">KI &amp; NFT mit disruptiver Kraft &#8211; martkEINBLICKE Kolumne &#8211; November 2023<\/a><\/li><li><a href=\"https:\/\/tgfag.de\/wp-content\/uploads\/2024\/02\/mE_Magazin_2023_03_Kunst_Neubeck_ES.pdf\">91 Millionen US-Dollar f\u00fcr einen Hasen &#8211; martkEINBLICKE Kolumne &#8211; Juli 2023<\/a><\/li><li><a href=\"https:\/\/tgfag.de\/wp-content\/uploads\/2023\/04\/mE_Magazin_2023_02_Kunst_Neubeck_ES.pdf\">Neue Medien in der Kunst &#8211; martkEINBLICKE Kolumne &#8211; April 2023<\/a><\/li><li><a href=\"https:\/\/tgfag.de\/wp-content\/uploads\/2023\/04\/mE_Magazin_2023_01_Kunst_Neubeck_ES.pdf\">Ein Bullen-starkes Jahr in der Kunst! &#8211; martkEINBLICKE Kolumne &#8211; Januar 2023<\/a><\/li><li><a href=\"http:\/\/tgfag.de\/wp-content\/uploads\/2022\/11\/mE_2204_Kunstkolumne_Neubeck_ES.pdf\">Was k\u00f6nnen Kunstwerke f\u00fcr mich leisten? &#8211; marktEINBLICKE Kolumne &#8211; Oktober 2022<\/a><\/li><li><a href=\"http:\/\/tgfag.de\/wp-content\/uploads\/2022\/07\/marktEINBLICKE_2203_Kunst_DS.pdf\">NFT&#8230; war da was? &#8211; marktEINBLICKE Kolumne &#8211; Juli 2022<\/a><\/li><li><a href=\"http:\/\/tgfag.de\/wp-content\/uploads\/2022\/06\/So-vera\u0308ndern-NFT-Start-ups-den-Kunstmarkt-Startbase.pdf\">So ver\u00e4ndern NFT-Start-Ups den Kunstmarkt &#8211; Startbase &#8211; M\u00e4rz 2022<\/a><\/li><li><a href=\"http:\/\/tgfag.de\/wp-content\/uploads\/2022\/06\/mE_Magazin_2022_02_Neubeck.pdf\">Kunst und Krieg. Die macht der Bilder &#8211; martkEINBLICKE Kolumne &#8211; April 2022<\/a><\/li><li><a href=\"http:\/\/tgfag.de\/wp-content\/uploads\/2022\/03\/mE_Magazin_2022_01_Neubeck_ES.pdf\">Neue Kunstformen dr\u00e4ngen in den Markt &#8211; martkEINBLICKE Kolumne &#8211; Januar 2022<\/a><\/li><li><a href=\"http:\/\/tgfag.de\/wp-content\/uploads\/2022\/03\/mE_Magazin_2021_04_Neubeck.pdf\">Wie kleine NFTs die gro\u00dfe Kunst aufmischen &#8211; martkEINBLICKE Kolumne &#8211; November 2021<\/a><\/li><li><a href=\"http:\/\/tgfag.de\/wp-content\/uploads\/2022\/03\/marktEINBLICKE2102-Kunstkolumne.pdf\">Kunst und Covid: Blick auf die Rendite &#8211; martkEINBLICKE Kolumne &#8211; April 2021<\/a><\/li><li><a href=\"http:\/\/tgfag.de\/wp-content\/uploads\/2022\/11\/mE_Magazin_2021_03_Neubeck.pdf\" target=\"_blank\" rel=\"noopener\">Sammeln &#8211; aber wie? &#8211; marktEINBLICKE Kolumne &#8211; Juli 2021<\/a><\/li><li><a href=\"http:\/\/tgfag.de\/wp-content\/uploads\/2022\/03\/marktEINBLICKE2101_Neubeck.pdf\">\u00fcberdurchschnittliche Renditen: Ein Traum wird Realit\u00e4t &#8211; martkEINBLICKE Kolumne &#8211; Januar 2021<\/a><\/li><li><a href=\"https:\/\/www.dpn-online.com\/alternative-anlagen\/kunstinvestments-sind-sie-attraktiv-fuer-institutionelle-investoren-90614\/\">Coronaupdate: Kunstinvestments: Sind sie attraktiv f\u00fcr institutionelle Investoren? &#8211; dpn &#8211; November 2020<\/a><\/li><li><a href=\"http:\/\/tgfag.de\/wp-content\/uploads\/2022\/03\/familyofficereport_invest-in-kunst_20-09.pdf\">Investitionen in Kunst &#8211; family office report &#8211; September 2020<\/a><\/li><li><a href=\"http:\/\/tgfag.de\/wp-content\/uploads\/2022\/03\/Kunstinvestments__Sind_sie_attraktiv_fuer_institutionelle_Investoren__-_dpn.pdf\">Kunstinvestments: Sind sie attraktiv f\u00fcr institutionelle Investoren? &#8211; dpn- April 2020<\/a><\/li><li><a href=\"http:\/\/tgfag.de\/wp-content\/uploads\/2022\/03\/marktEINBLICKE2004_Neubeck.pdf\">Sammeln Sie! &#8211; marktEINBLICKE Kolumne &#8211; 2020<\/a><\/li><li><a href=\"http:\/\/tgfag.de\/wp-content\/uploads\/2022\/03\/marktEINBLICKE2003_Neubeck.pdf\">Ein Ausverkauf ist trotz Corona nicht zu erkennen- marktEINBLICKE Kolumne &#8211; 2020<\/a><\/li><li><a href=\"http:\/\/tgfag.de\/wp-content\/uploads\/2022\/03\/marktEINBLICKE2002_Neubeck.pdf\">Man muss keine Millionen in die Hand nehmen&#8230;- marktEINBLICKE Kolumne &#8211; 2020<\/a><\/li><li><a href=\"http:\/\/tgfag.de\/wp-content\/uploads\/2022\/03\/Private-Banking-Magazin-Interview-2020.pdf\">Interview im Private Banking Magazin &#8211; 2020<\/a><\/li><li><a href=\"http:\/\/tgfag.de\/wp-content\/uploads\/2022\/03\/Markteinlicke-Kunst-als-Investment-2019.pdf\">Kunst als Investment &#8211; marktEINBLICKE &#8211; 2019<\/a><\/li><li><a href=\"http:\/\/tgfag.de\/wp-content\/uploads\/2022\/03\/AssCompact_April_2017.pdf\">Kunstsammlungen und Investmentdepots sind sich im Grunde sehr \u00e4hnlich &#8211; AssCompact April 2017<\/a><\/li><li><a href=\"http:\/\/tgfag.de\/wp-content\/uploads\/2022\/03\/Sonderdruck_Fuchsbrief_2017_TGFAG.pdf\">Rendite mit dem Ausl\u00f6ser &#8211; Sonderdruck Fuchsbrief 2017<\/a><\/li><li><a href=\"http:\/\/tgfag.de\/wp-content\/uploads\/2022\/03\/EinblickeMagazin_02_2016.pdf\">Kunst als Investment- Einblicke Magazin &#8211; Februar 2016<\/a><\/li><li><a href=\"http:\/\/tgfag.de\/wp-content\/uploads\/2022\/03\/Interview-mit-dem-_Finanz-Monitor_-The-Global-Fine-Art.pdf\">Fotografien sind stark unterbewertet &#8211; Finanz Monitor 13.07.2015 &#8211; Ein Interview mit Dr. Arne Frhr. von Neubeck zum Thema Kunstinvestment<\/a><\/li><li><a href=\"http:\/\/tgfag.de\/wp-content\/uploads\/2022\/03\/Bankingnews_Mai_2015_TGFAG.pdf\">Von der B\u00f6rse, den Banken und der Kunst &#8211; Bankingnews Mai 2015<\/a><\/li><li><a href=\"http:\/\/tgfag.de\/wp-content\/uploads\/2022\/03\/Bankingnews_April_2015_TGFAG-.pdf\">Schon in Kunst investiert? &#8211; Bankingnews April 2015<\/a><\/li><li><a href=\"http:\/\/tgfag.de\/wp-content\/uploads\/2022\/03\/Sachwert-Magazin-Nr.-02-2015.pdf\">Wertsicherung mit Stil &#8211; Sachwert Magazin Februar 2015<\/a><\/li><\/ul>\t\t\t\t\t\t\t\t<\/div>\n\t\t\t\t<\/div>\n\t\t\t\t<div class=\"elementor-element elementor-element-10c839ec elementor-widget elementor-widget-spacer\" data-id=\"10c839ec\" data-element_type=\"widget\" data-e-type=\"widget\" data-widget_type=\"spacer.default\">\n\t\t\t\t<div class=\"elementor-widget-container\">\n\t\t\t\t\t\t\t<div class=\"elementor-spacer\">\n\t\t\t<div class=\"elementor-spacer-inner\"><\/div>\n\t\t<\/div>\n\t\t\t\t\t\t<\/div>\n\t\t\t\t<\/div>\n\t\t\t\t\t<\/div>\n\t\t<\/div>\n\t\t\t\t\t<\/div>\n\t\t<\/section>\n\t\t\t\t<section class=\"elementor-section elementor-top-section elementor-element elementor-element-e6f1e87 elementor-section-boxed elementor-section-height-default elementor-section-height-default\" data-id=\"e6f1e87\" data-element_type=\"section\" data-e-type=\"section\">\n\t\t\t\t\t\t<div class=\"elementor-container elementor-column-gap-default\">\n\t\t\t\t\t<div class=\"elementor-column elementor-col-100 elementor-top-column elementor-element elementor-element-3a4f6494\" data-id=\"3a4f6494\" data-element_type=\"column\" data-e-type=\"column\">\n\t\t\t<div class=\"elementor-widget-wrap elementor-element-populated\">\n\t\t\t\t\t\t<div class=\"elementor-element elementor-element-3bd444dd elementor-widget elementor-widget-heading\" data-id=\"3bd444dd\" data-element_type=\"widget\" data-e-type=\"widget\" data-widget_type=\"heading.default\">\n\t\t\t\t<div class=\"elementor-widget-container\">\n\t\t\t\t\t<div class=\"elementor-heading-title elementor-size-default\">Sie m\u00f6chten mehr \u00fcber uns und unser Unternehmen erfahren? Dann schreiben Sie uns oder rufen Sie uns an.<\/div>\t\t\t\t<\/div>\n\t\t\t\t<\/div>\n\t\t\t\t<div class=\"elementor-element elementor-element-510f6593 elementor-widget elementor-widget-heading\" data-id=\"510f6593\" data-element_type=\"widget\" data-e-type=\"widget\" data-widget_type=\"heading.default\">\n\t\t\t\t<div class=\"elementor-widget-container\">\n\t\t\t\t\t<span class=\"elementor-heading-title elementor-size-default\"><a href=\"http:\/\/tgfag.de\/en\/#contact\">TELEFONTERMIN VEREINBAREN!<\/a><\/span>\t\t\t\t<\/div>\n\t\t\t\t<\/div>\n\t\t\t\t\t<\/div>\n\t\t<\/div>\n\t\t\t\t\t<\/div>\n\t\t<\/section>\n\t\t\t\t<\/div>","protected":false},"excerpt":{"rendered":"<p>WIR IN PRINT- UND ONLINEMEDIEN PRESSE The Global Fine Art&hellip;<\/p>\n<p> <a class=\"more-link\" href=\"https:\/\/tgfag.de\/en\/presse\/\">Read more<\/a><\/p>","protected":false},"author":3,"featured_media":12614,"parent":0,"menu_order":0,"comment_status":"closed","ping_status":"closed","template":"elementor_header_footer","meta":{"footnotes":""},"class_list":["post-15365","page","type-page","status-publish","has-post-thumbnail"],"yoast_head":"<!-- This site is optimized with the Yoast SEO plugin v27.3 - https:\/\/yoast.com\/product\/yoast-seo-wordpress\/ -->\n<title>Presse - The Global Fine Art<\/title>\n<meta name=\"robots\" content=\"index, follow, max-snippet:-1, max-image-preview:large, max-video-preview:-1\" \/>\n<link rel=\"canonical\" href=\"https:\/\/tgfag.de\/en\/presse\/\" \/>\n<meta property=\"og:locale\" content=\"en_GB\" \/>\n<meta property=\"og:type\" content=\"article\" \/>\n<meta property=\"og:title\" content=\"Presse - The Global Fine Art\" \/>\n<meta property=\"og:description\" content=\"WIR IN PRINT- UND ONLINEMEDIEN PRESSE The Global Fine Art&hellip;  Read more\" \/>\n<meta property=\"og:url\" content=\"https:\/\/tgfag.de\/en\/presse\/\" \/>\n<meta property=\"og:site_name\" content=\"The Global Fine Art\" \/>\n<meta property=\"article:modified_time\" content=\"2026-03-15T21:20:17+00:00\" \/>\n<meta property=\"og:image\" content=\"https:\/\/tgfag.de\/wp-content\/uploads\/2018\/02\/13484_MAIER13067.jpg\" \/>\n\t<meta property=\"og:image:width\" content=\"960\" \/>\n\t<meta property=\"og:image:height\" content=\"960\" \/>\n\t<meta property=\"og:image:type\" content=\"image\/jpeg\" \/>\n<meta name=\"twitter:card\" content=\"summary_large_image\" \/>\n<meta name=\"twitter:label1\" content=\"Estimated reading time\" \/>\n\t<meta name=\"twitter:data1\" content=\"3 minutes\" \/>\n<script type=\"application\/ld+json\" class=\"yoast-schema-graph\">{\"@context\":\"https:\\\/\\\/schema.org\",\"@graph\":[{\"@type\":\"WebPage\",\"@id\":\"https:\\\/\\\/tgfag.de\\\/presse\\\/\",\"url\":\"https:\\\/\\\/tgfag.de\\\/presse\\\/\",\"name\":\"Presse - The Global Fine Art\",\"isPartOf\":{\"@id\":\"https:\\\/\\\/tgfag.de\\\/#website\"},\"primaryImageOfPage\":{\"@id\":\"https:\\\/\\\/tgfag.de\\\/presse\\\/#primaryimage\"},\"image\":{\"@id\":\"https:\\\/\\\/tgfag.de\\\/presse\\\/#primaryimage\"},\"thumbnailUrl\":\"https:\\\/\\\/tgfag.de\\\/wp-content\\\/uploads\\\/2018\\\/02\\\/13484_MAIER13067.jpg\",\"datePublished\":\"2024-02-16T11:52:45+00:00\",\"dateModified\":\"2026-03-15T21:20:17+00:00\",\"breadcrumb\":{\"@id\":\"https:\\\/\\\/tgfag.de\\\/presse\\\/#breadcrumb\"},\"inLanguage\":\"en-GB\",\"potentialAction\":[{\"@type\":\"ReadAction\",\"target\":[\"https:\\\/\\\/tgfag.de\\\/presse\\\/\"]}]},{\"@type\":\"ImageObject\",\"inLanguage\":\"en-GB\",\"@id\":\"https:\\\/\\\/tgfag.de\\\/presse\\\/#primaryimage\",\"url\":\"https:\\\/\\\/tgfag.de\\\/wp-content\\\/uploads\\\/2018\\\/02\\\/13484_MAIER13067.jpg\",\"contentUrl\":\"https:\\\/\\\/tgfag.de\\\/wp-content\\\/uploads\\\/2018\\\/02\\\/13484_MAIER13067.jpg\",\"width\":960,\"height\":960},{\"@type\":\"BreadcrumbList\",\"@id\":\"https:\\\/\\\/tgfag.de\\\/presse\\\/#breadcrumb\",\"itemListElement\":[{\"@type\":\"ListItem\",\"position\":1,\"name\":\"Startseite\",\"item\":\"https:\\\/\\\/tgfag.de\\\/\"},{\"@type\":\"ListItem\",\"position\":2,\"name\":\"Presse\"}]},{\"@type\":\"WebSite\",\"@id\":\"https:\\\/\\\/tgfag.de\\\/#website\",\"url\":\"https:\\\/\\\/tgfag.de\\\/\",\"name\":\"The Global Fine Art\",\"description\":\"Kunst als Wertspeicher\",\"publisher\":{\"@id\":\"https:\\\/\\\/tgfag.de\\\/#organization\"},\"potentialAction\":[{\"@type\":\"SearchAction\",\"target\":{\"@type\":\"EntryPoint\",\"urlTemplate\":\"https:\\\/\\\/tgfag.de\\\/?s={search_term_string}\"},\"query-input\":{\"@type\":\"PropertyValueSpecification\",\"valueRequired\":true,\"valueName\":\"search_term_string\"}}],\"inLanguage\":\"en-GB\"},{\"@type\":\"Organization\",\"@id\":\"https:\\\/\\\/tgfag.de\\\/#organization\",\"name\":\"The Global Fine Art GmbH\",\"url\":\"https:\\\/\\\/tgfag.de\\\/\",\"logo\":{\"@type\":\"ImageObject\",\"inLanguage\":\"en-GB\",\"@id\":\"https:\\\/\\\/tgfag.de\\\/#\\\/schema\\\/logo\\\/image\\\/\",\"url\":\"https:\\\/\\\/tgfag.de\\\/wp-content\\\/uploads\\\/2022\\\/03\\\/WhatsApp-Image-2022-03-25-at-17.17.21.jpeg\",\"contentUrl\":\"https:\\\/\\\/tgfag.de\\\/wp-content\\\/uploads\\\/2022\\\/03\\\/WhatsApp-Image-2022-03-25-at-17.17.21.jpeg\",\"width\":2016,\"height\":1134,\"caption\":\"The Global Fine Art GmbH\"},\"image\":{\"@id\":\"https:\\\/\\\/tgfag.de\\\/#\\\/schema\\\/logo\\\/image\\\/\"},\"sameAs\":[\"https:\\\/\\\/www.linkedin.com\\\/company\\\/the-global-fine-art-gmbh\\\/\",\"https:\\\/\\\/www.youtube.com\\\/user\\\/TheGlobalFineArtGmbH\"]}]}<\/script>\n<!-- \/ Yoast SEO plugin. -->","yoast_head_json":{"title":"Presse - The Global Fine Art","robots":{"index":"index","follow":"follow","max-snippet":"max-snippet:-1","max-image-preview":"max-image-preview:large","max-video-preview":"max-video-preview:-1"},"canonical":"https:\/\/tgfag.de\/en\/presse\/","og_locale":"en_GB","og_type":"article","og_title":"Presse - The Global Fine Art","og_description":"WIR IN PRINT- UND ONLINEMEDIEN PRESSE The Global Fine Art&hellip;  Read more","og_url":"https:\/\/tgfag.de\/en\/presse\/","og_site_name":"The Global Fine Art","article_modified_time":"2026-03-15T21:20:17+00:00","og_image":[{"width":960,"height":960,"url":"https:\/\/tgfag.de\/wp-content\/uploads\/2018\/02\/13484_MAIER13067.jpg","type":"image\/jpeg"}],"twitter_card":"summary_large_image","twitter_misc":{"Estimated reading time":"3 minutes"},"schema":{"@context":"https:\/\/schema.org","@graph":[{"@type":"WebPage","@id":"https:\/\/tgfag.de\/presse\/","url":"https:\/\/tgfag.de\/presse\/","name":"Presse - The Global Fine Art","isPartOf":{"@id":"https:\/\/tgfag.de\/#website"},"primaryImageOfPage":{"@id":"https:\/\/tgfag.de\/presse\/#primaryimage"},"image":{"@id":"https:\/\/tgfag.de\/presse\/#primaryimage"},"thumbnailUrl":"https:\/\/tgfag.de\/wp-content\/uploads\/2018\/02\/13484_MAIER13067.jpg","datePublished":"2024-02-16T11:52:45+00:00","dateModified":"2026-03-15T21:20:17+00:00","breadcrumb":{"@id":"https:\/\/tgfag.de\/presse\/#breadcrumb"},"inLanguage":"en-GB","potentialAction":[{"@type":"ReadAction","target":["https:\/\/tgfag.de\/presse\/"]}]},{"@type":"ImageObject","inLanguage":"en-GB","@id":"https:\/\/tgfag.de\/presse\/#primaryimage","url":"https:\/\/tgfag.de\/wp-content\/uploads\/2018\/02\/13484_MAIER13067.jpg","contentUrl":"https:\/\/tgfag.de\/wp-content\/uploads\/2018\/02\/13484_MAIER13067.jpg","width":960,"height":960},{"@type":"BreadcrumbList","@id":"https:\/\/tgfag.de\/presse\/#breadcrumb","itemListElement":[{"@type":"ListItem","position":1,"name":"Startseite","item":"https:\/\/tgfag.de\/"},{"@type":"ListItem","position":2,"name":"Presse"}]},{"@type":"WebSite","@id":"https:\/\/tgfag.de\/#website","url":"https:\/\/tgfag.de\/","name":"The Global Fine Art","description":"Kunst als Wertspeicher","publisher":{"@id":"https:\/\/tgfag.de\/#organization"},"potentialAction":[{"@type":"SearchAction","target":{"@type":"EntryPoint","urlTemplate":"https:\/\/tgfag.de\/?s={search_term_string}"},"query-input":{"@type":"PropertyValueSpecification","valueRequired":true,"valueName":"search_term_string"}}],"inLanguage":"en-GB"},{"@type":"Organization","@id":"https:\/\/tgfag.de\/#organization","name":"The Global Fine Art GmbH","url":"https:\/\/tgfag.de\/","logo":{"@type":"ImageObject","inLanguage":"en-GB","@id":"https:\/\/tgfag.de\/#\/schema\/logo\/image\/","url":"https:\/\/tgfag.de\/wp-content\/uploads\/2022\/03\/WhatsApp-Image-2022-03-25-at-17.17.21.jpeg","contentUrl":"https:\/\/tgfag.de\/wp-content\/uploads\/2022\/03\/WhatsApp-Image-2022-03-25-at-17.17.21.jpeg","width":2016,"height":1134,"caption":"The Global Fine Art GmbH"},"image":{"@id":"https:\/\/tgfag.de\/#\/schema\/logo\/image\/"},"sameAs":["https:\/\/www.linkedin.com\/company\/the-global-fine-art-gmbh\/","https:\/\/www.youtube.com\/user\/TheGlobalFineArtGmbH"]}]}},"_links":{"self":[{"href":"https:\/\/tgfag.de\/en\/wp-json\/wp\/v2\/pages\/15365","targetHints":{"allow":["GET"]}}],"collection":[{"href":"https:\/\/tgfag.de\/en\/wp-json\/wp\/v2\/pages"}],"about":[{"href":"https:\/\/tgfag.de\/en\/wp-json\/wp\/v2\/types\/page"}],"author":[{"embeddable":true,"href":"https:\/\/tgfag.de\/en\/wp-json\/wp\/v2\/users\/3"}],"replies":[{"embeddable":true,"href":"https:\/\/tgfag.de\/en\/wp-json\/wp\/v2\/comments?post=15365"}],"version-history":[{"count":41,"href":"https:\/\/tgfag.de\/en\/wp-json\/wp\/v2\/pages\/15365\/revisions"}],"predecessor-version":[{"id":15973,"href":"https:\/\/tgfag.de\/en\/wp-json\/wp\/v2\/pages\/15365\/revisions\/15973"}],"wp:featuredmedia":[{"embeddable":true,"href":"https:\/\/tgfag.de\/en\/wp-json\/wp\/v2\/media\/12614"}],"wp:attachment":[{"href":"https:\/\/tgfag.de\/en\/wp-json\/wp\/v2\/media?parent=15365"}],"curies":[{"name":"wp","href":"https:\/\/api.w.org\/{rel}","templated":true}]}}