{"id":15314,"date":"2024-02-16T11:42:51","date_gmt":"2024-02-16T11:42:51","guid":{"rendered":"https:\/\/tgfag.de\/?page_id=15314"},"modified":"2026-03-15T21:37:49","modified_gmt":"2026-03-15T21:37:49","slug":"maximilians","status":"publish","type":"page","link":"https:\/\/tgfag.de\/en\/maximilians\/","title":{"rendered":"Maximilian\u2019s &amp; The Global Fine Art"},"content":{"rendered":"<div data-elementor-type=\"wp-page\" data-elementor-id=\"15314\" class=\"elementor elementor-15314\" data-elementor-post-type=\"page\">\n\t\t\t\t\t\t<section class=\"elementor-section elementor-top-section elementor-element elementor-element-4f660383 elementor-section-height-min-height elementor-section-boxed elementor-section-height-default elementor-section-items-middle\" data-id=\"4f660383\" data-element_type=\"section\" data-e-type=\"section\" data-settings=\"{&quot;background_background&quot;:&quot;classic&quot;}\">\n\t\t\t\t\t\t\t<div class=\"elementor-background-overlay\"><\/div>\n\t\t\t\t\t\t\t<div class=\"elementor-container elementor-column-gap-default\">\n\t\t\t\t\t<div class=\"elementor-column elementor-col-100 elementor-top-column elementor-element elementor-element-7bd8c038\" data-id=\"7bd8c038\" data-element_type=\"column\" data-e-type=\"column\">\n\t\t\t<div class=\"elementor-widget-wrap elementor-element-populated\">\n\t\t\t\t\t\t<div class=\"elementor-element elementor-element-1a66377a elementor-widget elementor-widget-heading\" data-id=\"1a66377a\" data-element_type=\"widget\" data-e-type=\"widget\" data-widget_type=\"heading.default\">\n\t\t\t\t<div class=\"elementor-widget-container\">\n\t\t\t\t\t<h2 class=\"elementor-heading-title elementor-size-default\">HERZLICH WILLKOMMEN\n<\/h2>\t\t\t\t<\/div>\n\t\t\t\t<\/div>\n\t\t\t\t<div class=\"elementor-element elementor-element-306c8fdf elementor-widget elementor-widget-heading\" data-id=\"306c8fdf\" data-element_type=\"widget\" data-e-type=\"widget\" data-widget_type=\"heading.default\">\n\t\t\t\t<div class=\"elementor-widget-container\">\n\t\t\t\t\t<h2 class=\"elementor-heading-title elementor-size-default\">WIR IM \nHOTEL MAXIMILIAN'S<\/h2>\t\t\t\t<\/div>\n\t\t\t\t<\/div>\n\t\t\t\t\t<\/div>\n\t\t<\/div>\n\t\t\t\t\t<\/div>\n\t\t<\/section>\n\t\t\t\t<section class=\"elementor-section elementor-top-section elementor-element elementor-element-69626c9f elementor-section-boxed elementor-section-height-default elementor-section-height-default\" data-id=\"69626c9f\" data-element_type=\"section\" data-e-type=\"section\">\n\t\t\t\t\t\t<div class=\"elementor-container elementor-column-gap-default\">\n\t\t\t\t\t<div class=\"elementor-column elementor-col-100 elementor-top-column elementor-element elementor-element-7f422809\" data-id=\"7f422809\" data-element_type=\"column\" data-e-type=\"column\">\n\t\t\t<div class=\"elementor-widget-wrap elementor-element-populated\">\n\t\t\t\t\t\t<section class=\"elementor-section elementor-inner-section elementor-element elementor-element-16a93dff elementor-section-boxed elementor-section-height-default elementor-section-height-default\" data-id=\"16a93dff\" data-element_type=\"section\" data-e-type=\"section\">\n\t\t\t\t\t\t<div class=\"elementor-container elementor-column-gap-default\">\n\t\t\t\t\t<div class=\"elementor-column elementor-col-100 elementor-inner-column elementor-element elementor-element-16675ff2\" data-id=\"16675ff2\" data-element_type=\"column\" data-e-type=\"column\">\n\t\t\t<div class=\"elementor-widget-wrap elementor-element-populated\">\n\t\t\t\t\t\t<div class=\"elementor-element elementor-element-38f047d0 elementor-widget elementor-widget-heading\" data-id=\"38f047d0\" data-element_type=\"widget\" data-e-type=\"widget\" data-widget_type=\"heading.default\">\n\t\t\t\t<div class=\"elementor-widget-container\">\n\t\t\t\t\t<h2 class=\"elementor-heading-title elementor-size-default\">Liebe Besucherin,<br>\nlieber Besucher des Maximilian's!<\/h2>\t\t\t\t<\/div>\n\t\t\t\t<\/div>\n\t\t\t\t<div class=\"elementor-element elementor-element-6da722f4 elementor-widget elementor-widget-spacer\" data-id=\"6da722f4\" data-element_type=\"widget\" data-e-type=\"widget\" data-widget_type=\"spacer.default\">\n\t\t\t\t<div class=\"elementor-widget-container\">\n\t\t\t\t\t\t\t<div class=\"elementor-spacer\">\n\t\t\t<div class=\"elementor-spacer-inner\"><\/div>\n\t\t<\/div>\n\t\t\t\t\t\t<\/div>\n\t\t\t\t<\/div>\n\t\t\t\t\t<\/div>\n\t\t<\/div>\n\t\t\t\t\t<\/div>\n\t\t<\/section>\n\t\t\t\t<div class=\"elementor-element elementor-element-34759643 elementor-widget elementor-widget-spacer\" data-id=\"34759643\" data-element_type=\"widget\" data-e-type=\"widget\" data-widget_type=\"spacer.default\">\n\t\t\t\t<div class=\"elementor-widget-container\">\n\t\t\t\t\t\t\t<div class=\"elementor-spacer\">\n\t\t\t<div class=\"elementor-spacer-inner\"><\/div>\n\t\t<\/div>\n\t\t\t\t\t\t<\/div>\n\t\t\t\t<\/div>\n\t\t\t\t<section class=\"elementor-section elementor-inner-section elementor-element elementor-element-4394e06d elementor-section-boxed elementor-section-height-default elementor-section-height-default\" data-id=\"4394e06d\" data-element_type=\"section\" data-e-type=\"section\">\n\t\t\t\t\t\t<div class=\"elementor-container elementor-column-gap-default\">\n\t\t\t\t\t<div class=\"elementor-column elementor-col-50 elementor-inner-column elementor-element elementor-element-794aafa4\" data-id=\"794aafa4\" data-element_type=\"column\" data-e-type=\"column\">\n\t\t\t<div class=\"elementor-widget-wrap elementor-element-populated\">\n\t\t\t\t\t\t<div class=\"elementor-element elementor-element-77b05e2c elementor-widget elementor-widget-text-editor\" data-id=\"77b05e2c\" data-element_type=\"widget\" data-e-type=\"widget\" data-widget_type=\"text-editor.default\">\n\t\t\t\t<div class=\"elementor-widget-container\">\n\t\t\t\t\t\t\t\t\t<p data-start=\"309\" data-end=\"496\">Wir freuen uns, dass Sie Interesse an den Kunstwerken haben, die wir seit April in Kooperation mit dem <strong data-start=\"412\" data-end=\"434\">Hotel Maximilian\u2019s<\/strong>, einem der \u00e4ltesten Hotels Deutschlands, pr\u00e4sentieren d\u00fcrfen.<\/p><p data-start=\"498\" data-end=\"713\">Als international t\u00e4tiges Augsburger Kunsthandelshaus \u2013 gegr\u00fcndet im Jahr 2014 \u2013 haben wir unseren Sitz in der Maximilianstra\u00dfe 54 und befinden uns damit nur etwa 180 Meter vom Hotel entfernt in Richtung St. Ulrich.<\/p><p data-start=\"715\" data-end=\"994\">Gerne stehen wir Ihnen f\u00fcr Fragen zu den ausgestellten Werken zur Verf\u00fcgung. Besuchen Sie uns auch in der <strong data-start=\"821\" data-end=\"838\">MAX54 Gallery<\/strong>. Unsere Galerie ist donnerstags und freitags von 11 bis 18 Uhr ge\u00f6ffnet. Termine au\u00dferhalb dieser Zeiten sind selbstverst\u00e4ndlich nach Vereinbarung m\u00f6glich.<\/p><p data-start=\"996\" data-end=\"1091\">Sie erreichen uns telefonisch unter <strong data-start=\"1032\" data-end=\"1051\">0821 \/ 44806985<\/strong> oder per E-Mail an <strong data-start=\"1071\" data-end=\"1090\"><a class=\"decorated-link cursor-pointer\" rel=\"noopener\" data-start=\"1073\" data-end=\"1088\">office@tgfag.de.<\/a><\/strong><\/p>\t\t\t\t\t\t\t\t<\/div>\n\t\t\t\t<\/div>\n\t\t\t\t<div class=\"elementor-element elementor-element-b08f257 elementor-widget elementor-widget-text-editor\" data-id=\"b08f257\" data-element_type=\"widget\" data-e-type=\"widget\" data-widget_type=\"text-editor.default\">\n\t\t\t\t<div class=\"elementor-widget-container\">\n\t\t\t\t\t\t\t\t\t<p>Herzlich<\/p>\t\t\t\t\t\t\t\t<\/div>\n\t\t\t\t<\/div>\n\t\t\t\t<div class=\"elementor-element elementor-element-5898eb69 elementor-widget elementor-widget-image\" data-id=\"5898eb69\" data-element_type=\"widget\" data-e-type=\"widget\" data-widget_type=\"image.default\">\n\t\t\t\t<div class=\"elementor-widget-container\">\n\t\t\t\t\t\t\t\t\t\t\t\t\t\t\t<img fetchpriority=\"high\" decoding=\"async\" width=\"800\" height=\"462\" src=\"https:\/\/tgfag.de\/wp-content\/uploads\/2022\/06\/sign_avnNew-1024x591.png\" class=\"attachment-large size-large wp-image-13764\" alt=\"\" srcset=\"https:\/\/tgfag.de\/wp-content\/uploads\/2022\/06\/sign_avnNew-1024x591.png 1024w, https:\/\/tgfag.de\/wp-content\/uploads\/2022\/06\/sign_avnNew-300x173.png 300w, https:\/\/tgfag.de\/wp-content\/uploads\/2022\/06\/sign_avnNew-768x443.png 768w, https:\/\/tgfag.de\/wp-content\/uploads\/2022\/06\/sign_avnNew-1536x886.png 1536w, https:\/\/tgfag.de\/wp-content\/uploads\/2022\/06\/sign_avnNew-18x10.png 18w, https:\/\/tgfag.de\/wp-content\/uploads\/2022\/06\/sign_avnNew-600x346.png 600w, https:\/\/tgfag.de\/wp-content\/uploads\/2022\/06\/sign_avnNew.png 1852w\" sizes=\"(max-width: 800px) 100vw, 800px\" \/>\t\t\t\t\t\t\t\t\t\t\t\t\t\t\t<\/div>\n\t\t\t\t<\/div>\n\t\t\t\t<div class=\"elementor-element elementor-element-137936ef elementor-widget elementor-widget-text-editor\" data-id=\"137936ef\" data-element_type=\"widget\" data-e-type=\"widget\" data-widget_type=\"text-editor.default\">\n\t\t\t\t<div class=\"elementor-widget-container\">\n\t\t\t\t\t\t\t\t\t<p>Dr. Arne Frhr. von Neubeck\u00a0<\/p><p>Gesch\u00e4ftsf\u00fchrender Gesellschafter<\/p>\t\t\t\t\t\t\t\t<\/div>\n\t\t\t\t<\/div>\n\t\t\t\t\t<\/div>\n\t\t<\/div>\n\t\t\t\t<div class=\"elementor-column elementor-col-50 elementor-inner-column elementor-element elementor-element-7323e60\" data-id=\"7323e60\" data-element_type=\"column\" data-e-type=\"column\">\n\t\t\t<div class=\"elementor-widget-wrap elementor-element-populated\">\n\t\t\t\t\t\t<div class=\"elementor-element elementor-element-180968cd elementor-widget elementor-widget-image\" data-id=\"180968cd\" data-element_type=\"widget\" data-e-type=\"widget\" data-widget_type=\"image.default\">\n\t\t\t\t<div class=\"elementor-widget-container\">\n\t\t\t\t\t\t\t\t\t\t\t\t\t\t\t<img decoding=\"async\" width=\"508\" height=\"659\" src=\"https:\/\/tgfag.de\/wp-content\/uploads\/2022\/03\/avn.png\" class=\"attachment-large size-large wp-image-13126\" alt=\"\" srcset=\"https:\/\/tgfag.de\/wp-content\/uploads\/2022\/03\/avn.png 508w, https:\/\/tgfag.de\/wp-content\/uploads\/2022\/03\/avn-231x300.png 231w, https:\/\/tgfag.de\/wp-content\/uploads\/2022\/03\/avn-9x12.png 9w\" sizes=\"(max-width: 508px) 100vw, 508px\" \/>\t\t\t\t\t\t\t\t\t\t\t\t\t\t\t<\/div>\n\t\t\t\t<\/div>\n\t\t\t\t\t<\/div>\n\t\t<\/div>\n\t\t\t\t\t<\/div>\n\t\t<\/section>\n\t\t\t\t\t<\/div>\n\t\t<\/div>\n\t\t\t\t\t<\/div>\n\t\t<\/section>\n\t\t\t\t<section class=\"elementor-section elementor-top-section elementor-element elementor-element-665a02cc elementor-section-boxed elementor-section-height-default elementor-section-height-default\" data-id=\"665a02cc\" data-element_type=\"section\" data-e-type=\"section\">\n\t\t\t\t\t\t<div class=\"elementor-container elementor-column-gap-default\">\n\t\t\t\t\t<div class=\"elementor-column elementor-col-100 elementor-top-column elementor-element elementor-element-49963125\" data-id=\"49963125\" data-element_type=\"column\" data-e-type=\"column\">\n\t\t\t<div class=\"elementor-widget-wrap elementor-element-populated\">\n\t\t\t\t\t\t<div class=\"elementor-element elementor-element-4a2a9011 elementor-widget elementor-widget-spacer\" data-id=\"4a2a9011\" data-element_type=\"widget\" data-e-type=\"widget\" data-widget_type=\"spacer.default\">\n\t\t\t\t<div class=\"elementor-widget-container\">\n\t\t\t\t\t\t\t<div class=\"elementor-spacer\">\n\t\t\t<div class=\"elementor-spacer-inner\"><\/div>\n\t\t<\/div>\n\t\t\t\t\t\t<\/div>\n\t\t\t\t<\/div>\n\t\t\t\t<div class=\"elementor-element elementor-element-527b7ab1 elementor-widget elementor-widget-heading\" data-id=\"527b7ab1\" data-element_type=\"widget\" data-e-type=\"widget\" data-widget_type=\"heading.default\">\n\t\t\t\t<div class=\"elementor-widget-container\">\n\t\t\t\t\t<div class=\"elementor-heading-title elementor-size-default\">Sie m\u00f6chten mehr \u00fcber uns und unser Unternehmen erfahren? Dann schreiben Sie uns oder rufen Sie uns an.<\/div>\t\t\t\t<\/div>\n\t\t\t\t<\/div>\n\t\t\t\t<div class=\"elementor-element elementor-element-41958b34 elementor-widget elementor-widget-heading\" data-id=\"41958b34\" data-element_type=\"widget\" data-e-type=\"widget\" data-widget_type=\"heading.default\">\n\t\t\t\t<div class=\"elementor-widget-container\">\n\t\t\t\t\t<span class=\"elementor-heading-title elementor-size-default\"><a href=\"http:\/\/tgfag.de\/en\/#contact\">TELEFONTERMIN VEREINBAREN!<\/a><\/span>\t\t\t\t<\/div>\n\t\t\t\t<\/div>\n\t\t\t\t<div class=\"elementor-element elementor-element-3875cd33 elementor-widget elementor-widget-spacer\" data-id=\"3875cd33\" data-element_type=\"widget\" data-e-type=\"widget\" data-widget_type=\"spacer.default\">\n\t\t\t\t<div class=\"elementor-widget-container\">\n\t\t\t\t\t\t\t<div class=\"elementor-spacer\">\n\t\t\t<div class=\"elementor-spacer-inner\"><\/div>\n\t\t<\/div>\n\t\t\t\t\t\t<\/div>\n\t\t\t\t<\/div>\n\t\t\t\t\t<\/div>\n\t\t<\/div>\n\t\t\t\t\t<\/div>\n\t\t<\/section>\n\t\t\t\t<section class=\"elementor-section elementor-top-section elementor-element elementor-element-468a290d elementor-section-boxed elementor-section-height-default elementor-section-height-default\" data-id=\"468a290d\" data-element_type=\"section\" data-e-type=\"section\">\n\t\t\t\t\t\t<div class=\"elementor-container elementor-column-gap-default\">\n\t\t\t\t\t<div class=\"elementor-column elementor-col-50 elementor-top-column elementor-element elementor-element-71ebd01c\" data-id=\"71ebd01c\" data-element_type=\"column\" data-e-type=\"column\">\n\t\t\t<div class=\"elementor-widget-wrap elementor-element-populated\">\n\t\t\t\t\t\t<div class=\"elementor-element elementor-element-3bf35cc4 elementor-position-inline-start elementor-view-default elementor-mobile-position-block-start elementor-widget elementor-widget-icon-box\" data-id=\"3bf35cc4\" data-element_type=\"widget\" data-e-type=\"widget\" data-widget_type=\"icon-box.default\">\n\t\t\t\t<div class=\"elementor-widget-container\">\n\t\t\t\t\t\t\t<div class=\"elementor-icon-box-wrapper\">\n\n\t\t\t\t\t\t<div class=\"elementor-icon-box-icon\">\n\t\t\t\t<span  class=\"elementor-icon\">\n\t\t\t\t<i class=\"fa fa-star\" aria-hidden=\"true\"><\/i>\t\t\t\t<\/span>\n\t\t\t<\/div>\n\t\t\t\n\t\t\t\t\t\t<div class=\"elementor-icon-box-content\">\n\n\t\t\t\t\t\t\t\t\t<h3 class=\"elementor-icon-box-title\">\n\t\t\t\t\t\t<span  >\n\t\t\t\t\t\t\tUnser Netzwerk besteht aus vielen international operierenden GaleristINNen und Galeristen aus New York, Z\u00fcrich, Hamburg oder K\u00f6ln.\t\t\t\t\t\t<\/span>\n\t\t\t\t\t<\/h3>\n\t\t\t\t\n\t\t\t\t\n\t\t\t<\/div>\n\t\t\t\n\t\t<\/div>\n\t\t\t\t\t\t<\/div>\n\t\t\t\t<\/div>\n\t\t\t\t<div class=\"elementor-element elementor-element-6ad32a4c elementor-position-inline-start elementor-view-default elementor-mobile-position-block-start elementor-widget elementor-widget-icon-box\" data-id=\"6ad32a4c\" data-element_type=\"widget\" data-e-type=\"widget\" data-widget_type=\"icon-box.default\">\n\t\t\t\t<div class=\"elementor-widget-container\">\n\t\t\t\t\t\t\t<div class=\"elementor-icon-box-wrapper\">\n\n\t\t\t\t\t\t<div class=\"elementor-icon-box-icon\">\n\t\t\t\t<span  class=\"elementor-icon\">\n\t\t\t\t<i class=\"fa fa-star\" aria-hidden=\"true\"><\/i>\t\t\t\t<\/span>\n\t\t\t<\/div>\n\t\t\t\n\t\t\t\t\t\t<div class=\"elementor-icon-box-content\">\n\n\t\t\t\t\t\t\t\t\t<h3 class=\"elementor-icon-box-title\">\n\t\t\t\t\t\t<span  >\n\t\t\t\t\t\t\tWir liefern Ihre Kunstwerke zu Ihnen nach Hause. Oder Sie lagern diese unter h\u00f6chsten Sicherheitsvorkehrungen unter Aufsicht des Schweizer Zolls im Zollfreilager ein.\t\t\t\t\t\t<\/span>\n\t\t\t\t\t<\/h3>\n\t\t\t\t\n\t\t\t\t\n\t\t\t<\/div>\n\t\t\t\n\t\t<\/div>\n\t\t\t\t\t\t<\/div>\n\t\t\t\t<\/div>\n\t\t\t\t\t<\/div>\n\t\t<\/div>\n\t\t\t\t<div class=\"elementor-column elementor-col-50 elementor-top-column elementor-element elementor-element-491c21b0\" data-id=\"491c21b0\" data-element_type=\"column\" data-e-type=\"column\">\n\t\t\t<div class=\"elementor-widget-wrap elementor-element-populated\">\n\t\t\t\t\t\t<div class=\"elementor-element elementor-element-3889f9ac elementor-position-inline-start elementor-view-default elementor-mobile-position-block-start elementor-widget elementor-widget-icon-box\" data-id=\"3889f9ac\" data-element_type=\"widget\" data-e-type=\"widget\" data-widget_type=\"icon-box.default\">\n\t\t\t\t<div class=\"elementor-widget-container\">\n\t\t\t\t\t\t\t<div class=\"elementor-icon-box-wrapper\">\n\n\t\t\t\t\t\t<div class=\"elementor-icon-box-icon\">\n\t\t\t\t<span  class=\"elementor-icon\">\n\t\t\t\t<i class=\"fa fa-star\" aria-hidden=\"true\"><\/i>\t\t\t\t<\/span>\n\t\t\t<\/div>\n\t\t\t\n\t\t\t\t\t\t<div class=\"elementor-icon-box-content\">\n\n\t\t\t\t\t\t\t\t\t<h3 class=\"elementor-icon-box-title\">\n\t\t\t\t\t\t<span  >\n\t\t\t\t\t\t\tWir bieten Ihnen museale Kunst international etablierter K\u00fcnstlerINNEN und K\u00fcnstler, die fester Bestandteil der wichtigsten Museen dieser Welt sind.\t\t\t\t\t\t<\/span>\n\t\t\t\t\t<\/h3>\n\t\t\t\t\n\t\t\t\t\n\t\t\t<\/div>\n\t\t\t\n\t\t<\/div>\n\t\t\t\t\t\t<\/div>\n\t\t\t\t<\/div>\n\t\t\t\t<div class=\"elementor-element elementor-element-11578fdf elementor-position-inline-start elementor-view-default elementor-mobile-position-block-start elementor-widget elementor-widget-icon-box\" data-id=\"11578fdf\" data-element_type=\"widget\" data-e-type=\"widget\" data-widget_type=\"icon-box.default\">\n\t\t\t\t<div class=\"elementor-widget-container\">\n\t\t\t\t\t\t\t<div class=\"elementor-icon-box-wrapper\">\n\n\t\t\t\t\t\t<div class=\"elementor-icon-box-icon\">\n\t\t\t\t<span  class=\"elementor-icon\">\n\t\t\t\t<i class=\"fa fa-star\" aria-hidden=\"true\"><\/i>\t\t\t\t<\/span>\n\t\t\t<\/div>\n\t\t\t\n\t\t\t\t\t\t<div class=\"elementor-icon-box-content\">\n\n\t\t\t\t\t\t\t\t\t<h3 class=\"elementor-icon-box-title\">\n\t\t\t\t\t\t<span  >\n\t\t\t\t\t\t\tUnsere Zusammenarbeit erstreckt sich auf Kuratoren, Hochschulprofessoren und Sachverst\u00e4ndige mit hochrangiger Kunstexpertise.\t\t\t\t\t\t<\/span>\n\t\t\t\t\t<\/h3>\n\t\t\t\t\n\t\t\t\t\n\t\t\t<\/div>\n\t\t\t\n\t\t<\/div>\n\t\t\t\t\t\t<\/div>\n\t\t\t\t<\/div>\n\t\t\t\t\t<\/div>\n\t\t<\/div>\n\t\t\t\t\t<\/div>\n\t\t<\/section>\n\t\t\t\t<\/div>","protected":false},"excerpt":{"rendered":"<p>HERZLICH WILLKOMMEN WIR IM HOTEL MAXIMILIAN&#8217;S Liebe Besucherin, lieber Besucher&hellip;<\/p>\n<p> <a class=\"more-link\" href=\"https:\/\/tgfag.de\/en\/maximilians\/\">Read more<\/a><\/p>","protected":false},"author":3,"featured_media":0,"parent":0,"menu_order":0,"comment_status":"closed","ping_status":"closed","template":"elementor_header_footer","meta":{"footnotes":""},"class_list":["post-15314","page","type-page","status-publish"],"yoast_head":"<!-- This site is optimized with the Yoast SEO plugin v27.3 - https:\/\/yoast.com\/product\/yoast-seo-wordpress\/ -->\n<title>Maximilian\u2019s &amp; The Global Fine Art - The Global Fine Art<\/title>\n<meta name=\"robots\" content=\"index, follow, max-snippet:-1, max-image-preview:large, max-video-preview:-1\" \/>\n<link rel=\"canonical\" href=\"https:\/\/tgfag.de\/en\/maximilians\/\" \/>\n<meta property=\"og:locale\" content=\"en_GB\" \/>\n<meta property=\"og:type\" content=\"article\" \/>\n<meta property=\"og:title\" content=\"Maximilian\u2019s &amp; The Global Fine Art - The Global Fine Art\" \/>\n<meta property=\"og:description\" content=\"HERZLICH WILLKOMMEN WIR IM HOTEL MAXIMILIAN&#8217;S Liebe Besucherin, lieber Besucher&hellip;  Read more\" \/>\n<meta property=\"og:url\" content=\"https:\/\/tgfag.de\/en\/maximilians\/\" \/>\n<meta property=\"og:site_name\" content=\"The Global Fine Art\" \/>\n<meta property=\"article:modified_time\" content=\"2026-03-15T21:37:49+00:00\" \/>\n<meta property=\"og:image\" content=\"https:\/\/tgfag.de\/wp-content\/uploads\/2022\/06\/sign_avnNew.png\" \/>\n\t<meta property=\"og:image:width\" content=\"1852\" \/>\n\t<meta property=\"og:image:height\" content=\"1068\" \/>\n\t<meta property=\"og:image:type\" content=\"image\/png\" \/>\n<meta name=\"twitter:card\" content=\"summary_large_image\" \/>\n<meta name=\"twitter:label1\" content=\"Estimated reading time\" \/>\n\t<meta name=\"twitter:data1\" content=\"2 minutes\" \/>\n<script type=\"application\/ld+json\" class=\"yoast-schema-graph\">{\"@context\":\"https:\\\/\\\/schema.org\",\"@graph\":[{\"@type\":\"WebPage\",\"@id\":\"https:\\\/\\\/tgfag.de\\\/maximilians\\\/\",\"url\":\"https:\\\/\\\/tgfag.de\\\/maximilians\\\/\",\"name\":\"Maximilian\u2019s &amp; The Global Fine Art - The Global Fine Art\",\"isPartOf\":{\"@id\":\"https:\\\/\\\/tgfag.de\\\/#website\"},\"primaryImageOfPage\":{\"@id\":\"https:\\\/\\\/tgfag.de\\\/maximilians\\\/#primaryimage\"},\"image\":{\"@id\":\"https:\\\/\\\/tgfag.de\\\/maximilians\\\/#primaryimage\"},\"thumbnailUrl\":\"https:\\\/\\\/tgfag.de\\\/wp-content\\\/uploads\\\/2022\\\/06\\\/sign_avnNew-1024x591.png\",\"datePublished\":\"2024-02-16T11:42:51+00:00\",\"dateModified\":\"2026-03-15T21:37:49+00:00\",\"breadcrumb\":{\"@id\":\"https:\\\/\\\/tgfag.de\\\/maximilians\\\/#breadcrumb\"},\"inLanguage\":\"en-GB\",\"potentialAction\":[{\"@type\":\"ReadAction\",\"target\":[\"https:\\\/\\\/tgfag.de\\\/maximilians\\\/\"]}]},{\"@type\":\"ImageObject\",\"inLanguage\":\"en-GB\",\"@id\":\"https:\\\/\\\/tgfag.de\\\/maximilians\\\/#primaryimage\",\"url\":\"https:\\\/\\\/tgfag.de\\\/wp-content\\\/uploads\\\/2022\\\/06\\\/sign_avnNew-1024x591.png\",\"contentUrl\":\"https:\\\/\\\/tgfag.de\\\/wp-content\\\/uploads\\\/2022\\\/06\\\/sign_avnNew-1024x591.png\"},{\"@type\":\"BreadcrumbList\",\"@id\":\"https:\\\/\\\/tgfag.de\\\/maximilians\\\/#breadcrumb\",\"itemListElement\":[{\"@type\":\"ListItem\",\"position\":1,\"name\":\"Startseite\",\"item\":\"https:\\\/\\\/tgfag.de\\\/\"},{\"@type\":\"ListItem\",\"position\":2,\"name\":\"Maximilian\u2019s &amp; The Global Fine Art\"}]},{\"@type\":\"WebSite\",\"@id\":\"https:\\\/\\\/tgfag.de\\\/#website\",\"url\":\"https:\\\/\\\/tgfag.de\\\/\",\"name\":\"The Global Fine Art\",\"description\":\"Kunst als Wertspeicher\",\"publisher\":{\"@id\":\"https:\\\/\\\/tgfag.de\\\/#organization\"},\"potentialAction\":[{\"@type\":\"SearchAction\",\"target\":{\"@type\":\"EntryPoint\",\"urlTemplate\":\"https:\\\/\\\/tgfag.de\\\/?s={search_term_string}\"},\"query-input\":{\"@type\":\"PropertyValueSpecification\",\"valueRequired\":true,\"valueName\":\"search_term_string\"}}],\"inLanguage\":\"en-GB\"},{\"@type\":\"Organization\",\"@id\":\"https:\\\/\\\/tgfag.de\\\/#organization\",\"name\":\"The Global Fine Art GmbH\",\"url\":\"https:\\\/\\\/tgfag.de\\\/\",\"logo\":{\"@type\":\"ImageObject\",\"inLanguage\":\"en-GB\",\"@id\":\"https:\\\/\\\/tgfag.de\\\/#\\\/schema\\\/logo\\\/image\\\/\",\"url\":\"https:\\\/\\\/tgfag.de\\\/wp-content\\\/uploads\\\/2022\\\/03\\\/WhatsApp-Image-2022-03-25-at-17.17.21.jpeg\",\"contentUrl\":\"https:\\\/\\\/tgfag.de\\\/wp-content\\\/uploads\\\/2022\\\/03\\\/WhatsApp-Image-2022-03-25-at-17.17.21.jpeg\",\"width\":2016,\"height\":1134,\"caption\":\"The Global Fine Art GmbH\"},\"image\":{\"@id\":\"https:\\\/\\\/tgfag.de\\\/#\\\/schema\\\/logo\\\/image\\\/\"},\"sameAs\":[\"https:\\\/\\\/www.linkedin.com\\\/company\\\/the-global-fine-art-gmbh\\\/\",\"https:\\\/\\\/www.youtube.com\\\/user\\\/TheGlobalFineArtGmbH\"]}]}<\/script>\n<!-- \/ Yoast SEO plugin. -->","yoast_head_json":{"title":"Maximilian\u2019s &amp; The Global Fine Art - The Global Fine Art","robots":{"index":"index","follow":"follow","max-snippet":"max-snippet:-1","max-image-preview":"max-image-preview:large","max-video-preview":"max-video-preview:-1"},"canonical":"https:\/\/tgfag.de\/en\/maximilians\/","og_locale":"en_GB","og_type":"article","og_title":"Maximilian\u2019s &amp; The Global Fine Art - The Global Fine Art","og_description":"HERZLICH WILLKOMMEN WIR IM HOTEL MAXIMILIAN&#8217;S Liebe Besucherin, lieber Besucher&hellip;  Read more","og_url":"https:\/\/tgfag.de\/en\/maximilians\/","og_site_name":"The Global Fine Art","article_modified_time":"2026-03-15T21:37:49+00:00","og_image":[{"width":1852,"height":1068,"url":"https:\/\/tgfag.de\/wp-content\/uploads\/2022\/06\/sign_avnNew.png","type":"image\/png"}],"twitter_card":"summary_large_image","twitter_misc":{"Estimated reading time":"2 minutes"},"schema":{"@context":"https:\/\/schema.org","@graph":[{"@type":"WebPage","@id":"https:\/\/tgfag.de\/maximilians\/","url":"https:\/\/tgfag.de\/maximilians\/","name":"Maximilian\u2019s &amp; The Global Fine Art - The Global Fine Art","isPartOf":{"@id":"https:\/\/tgfag.de\/#website"},"primaryImageOfPage":{"@id":"https:\/\/tgfag.de\/maximilians\/#primaryimage"},"image":{"@id":"https:\/\/tgfag.de\/maximilians\/#primaryimage"},"thumbnailUrl":"https:\/\/tgfag.de\/wp-content\/uploads\/2022\/06\/sign_avnNew-1024x591.png","datePublished":"2024-02-16T11:42:51+00:00","dateModified":"2026-03-15T21:37:49+00:00","breadcrumb":{"@id":"https:\/\/tgfag.de\/maximilians\/#breadcrumb"},"inLanguage":"en-GB","potentialAction":[{"@type":"ReadAction","target":["https:\/\/tgfag.de\/maximilians\/"]}]},{"@type":"ImageObject","inLanguage":"en-GB","@id":"https:\/\/tgfag.de\/maximilians\/#primaryimage","url":"https:\/\/tgfag.de\/wp-content\/uploads\/2022\/06\/sign_avnNew-1024x591.png","contentUrl":"https:\/\/tgfag.de\/wp-content\/uploads\/2022\/06\/sign_avnNew-1024x591.png"},{"@type":"BreadcrumbList","@id":"https:\/\/tgfag.de\/maximilians\/#breadcrumb","itemListElement":[{"@type":"ListItem","position":1,"name":"Startseite","item":"https:\/\/tgfag.de\/"},{"@type":"ListItem","position":2,"name":"Maximilian\u2019s &amp; The Global Fine Art"}]},{"@type":"WebSite","@id":"https:\/\/tgfag.de\/#website","url":"https:\/\/tgfag.de\/","name":"The Global Fine Art","description":"Kunst als Wertspeicher","publisher":{"@id":"https:\/\/tgfag.de\/#organization"},"potentialAction":[{"@type":"SearchAction","target":{"@type":"EntryPoint","urlTemplate":"https:\/\/tgfag.de\/?s={search_term_string}"},"query-input":{"@type":"PropertyValueSpecification","valueRequired":true,"valueName":"search_term_string"}}],"inLanguage":"en-GB"},{"@type":"Organization","@id":"https:\/\/tgfag.de\/#organization","name":"The Global Fine Art GmbH","url":"https:\/\/tgfag.de\/","logo":{"@type":"ImageObject","inLanguage":"en-GB","@id":"https:\/\/tgfag.de\/#\/schema\/logo\/image\/","url":"https:\/\/tgfag.de\/wp-content\/uploads\/2022\/03\/WhatsApp-Image-2022-03-25-at-17.17.21.jpeg","contentUrl":"https:\/\/tgfag.de\/wp-content\/uploads\/2022\/03\/WhatsApp-Image-2022-03-25-at-17.17.21.jpeg","width":2016,"height":1134,"caption":"The Global Fine Art GmbH"},"image":{"@id":"https:\/\/tgfag.de\/#\/schema\/logo\/image\/"},"sameAs":["https:\/\/www.linkedin.com\/company\/the-global-fine-art-gmbh\/","https:\/\/www.youtube.com\/user\/TheGlobalFineArtGmbH"]}]}},"_links":{"self":[{"href":"https:\/\/tgfag.de\/en\/wp-json\/wp\/v2\/pages\/15314","targetHints":{"allow":["GET"]}}],"collection":[{"href":"https:\/\/tgfag.de\/en\/wp-json\/wp\/v2\/pages"}],"about":[{"href":"https:\/\/tgfag.de\/en\/wp-json\/wp\/v2\/types\/page"}],"author":[{"embeddable":true,"href":"https:\/\/tgfag.de\/en\/wp-json\/wp\/v2\/users\/3"}],"replies":[{"embeddable":true,"href":"https:\/\/tgfag.de\/en\/wp-json\/wp\/v2\/comments?post=15314"}],"version-history":[{"count":22,"href":"https:\/\/tgfag.de\/en\/wp-json\/wp\/v2\/pages\/15314\/revisions"}],"predecessor-version":[{"id":15954,"href":"https:\/\/tgfag.de\/en\/wp-json\/wp\/v2\/pages\/15314\/revisions\/15954"}],"wp:attachment":[{"href":"https:\/\/tgfag.de\/en\/wp-json\/wp\/v2\/media?parent=15314"}],"curies":[{"name":"wp","href":"https:\/\/api.w.org\/{rel}","templated":true}]}}